{"id":114136,"date":"2019-01-23T15:24:11","date_gmt":"2019-01-23T14:24:11","guid":{"rendered":"https:\/\/christelkrukkert.nl\/ueber-uns\/"},"modified":"2026-02-17T12:36:04","modified_gmt":"2026-02-17T11:36:04","slug":"ueber-uns","status":"publish","type":"page","link":"https:\/\/christelkrukkert.nl\/de\/ueber-uns\/","title":{"rendered":"\u00dcber uns"},"content":{"rendered":"<div class=\"wpb-content-wrapper\"><p>[vc_row][vc_column offset=&#8220;vc_col-lg-offset-0 vc_col-md-offset-0&#8243;][vc_row_inner equal_height=&#8220;yes&#8220; content_placement=&#8220;middle&#8220;][vc_column_inner width=&#8220;1\/2&#8243; offset=&#8220;vc_col-lg-offset-1 vc_col-lg-6 vc_col-md-offset-1 vc_col-md-6 vc_col-sm-offset-0 vc_col-xs-12&#8243; css=&#8220;.vc_custom_1769510532576{margin-bottom: 20px !important;border-left-width: 3px !important;padding-left: 40px !important;border-left-style: dashed !important;border-color: #A54B91 !important;}&#8220;]<div id=\"ultimate-heading-646a05a554684eb\" class=\"uvc-heading ult-adjust-bottom-margin ultimate-heading-646a05a554684eb uvc-1984 accent-icon-color\" data-hspacer=\"icon_only\"  data-halign=\"left\" style=\"text-align:left\"><div class=\"uvc-heading-spacer icon_only\" style=\"top\"><div class=\"ult-just-icon-wrapper  \"><div class=\"align-icon\" style=\"text-align:left;\">\n<div class=\"aio-icon none \"  style=\"font-size:32px;\">\n\t<i class=\"Defaults-leaf\"><\/i>\n<\/div><\/div><\/div><\/div><div class=\"uvc-main-heading ult-responsive\"  data-ultimate-target='.uvc-heading.ultimate-heading-646a05a554684eb h3'  data-responsive-json-new='{\"font-size\":\"\",\"line-height\":\"\"}' ><h3 style=\"font-weight:bold;margin-bottom:15px;\">Willkommen auf meiner Webseite.<\/h3><\/div><div class=\"uvc-sub-heading ult-responsive\"  data-ultimate-target='.uvc-heading.ultimate-heading-646a05a554684eb .uvc-sub-heading '  data-responsive-json-new='{\"font-size\":\"\",\"line-height\":\"desktop:27px;\"}'  style=\"font-weight:normal;margin-bottom:20px;\">Mein Name ist Christel Krukkert. Ich bin Illustratorin von Beruf und entwerfe seit 2009 auch H\u00e4kelmuster. Viele dieser Schnittmuster wurden in Buchform ver\u00f6ffentlicht, k\u00f6nnen aber auch \u00fcber diese Website erworben werden.<\/div><\/div>[\/vc_column_inner][vc_column_inner width=&#8220;1\/2&#8243; offset=&#8220;vc_col-lg-offset-0 vc_col-lg-4 vc_col-md-offset-0 vc_col-md-4 vc_col-sm-offset-0 vc_hidden-xs&#8220; css=&#8220;.vc_custom_1769604261203{padding-left: 40px !important;background-image: url(https:\/\/christelkrukkert.nl\/wp-content\/uploads\/2026\/01\/getty-images-ymVLuxi9nNI-unsplash.png?id=112762) !important;background-position: center !important;background-repeat: no-repeat !important;background-size: cover !important;border-radius: 10px !important;}&#8220;]<div class=\"clearboth\"><\/div><style>#thegem-divider-6a05a554685a9 {margin-top: 50px !important;}<\/style><div id=\"thegem-divider-6a05a554685a9\" class=\"gem-divider  \" style=\"\" ><\/div>[\/vc_column_inner][\/vc_row_inner][vc_row_inner equal_height=&#8220;yes&#8220; content_placement=&#8220;middle&#8220;][vc_column_inner width=&#8220;1\/2&#8243; offset=&#8220;vc_col-lg-offset-1 vc_col-lg-4 vc_col-md-offset-1 vc_col-md-4 vc_hidden-xs&#8220; css=&#8220;.vc_custom_1769591226971{padding-right: 40px !important;background-image: url(https:\/\/christelkrukkert.nl\/wp-content\/uploads\/2026\/01\/nancy-hughes-ajIOpN20TYI-unsplash.jpg?id=110740) !important;background-position: center !important;background-repeat: no-repeat !important;background-size: cover !important;border-radius: 10px !important;}&#8220;]<div class=\"clearboth\"><\/div><style>#thegem-divider-6a05a55468624 {margin-top: 50px !important;}<\/style><div id=\"thegem-divider-6a05a55468624\" class=\"gem-divider  \" style=\"\" ><\/div>[\/vc_column_inner][vc_column_inner width=&#8220;1\/2&#8243; offset=&#8220;vc_col-lg-offset-0 vc_col-lg-6 vc_col-md-offset-0 vc_col-md-6 vc_col-sm-offset-0 vc_col-xs-12&#8243; css=&#8220;.vc_custom_1769591314419{margin-bottom: 20px !important;margin-left: 20px !important;border-left-width: 3px !important;padding-left: 20px !important;border-left-style: dashed !important;border-color: #A54B91 !important;}&#8220;]<div id=\"ultimate-heading-5876a05a5546876e\" class=\"uvc-heading ult-adjust-bottom-margin ultimate-heading-5876a05a5546876e uvc-8369 accent-icon-color\" data-hspacer=\"icon_only\"  data-halign=\"left\" style=\"text-align:left\"><div class=\"uvc-heading-spacer icon_only\" style=\"top\"><div class=\"ult-just-icon-wrapper  \"><div class=\"align-icon\" style=\"text-align:left;\">\n<div class=\"aio-icon none \"  style=\"font-size:32px;\">\n\t<i class=\"Defaults-leaf\"><\/i>\n<\/div><\/div><\/div><\/div><div class=\"uvc-main-heading ult-responsive\"  data-ultimate-target='.uvc-heading.ultimate-heading-5876a05a5546876e h3'  data-responsive-json-new='{\"font-size\":\"\",\"line-height\":\"\"}' ><h3 style=\"font-weight:bold;margin-bottom:15px;\">Wie funktioniert es?<\/h3><\/div><div class=\"uvc-sub-heading ult-responsive\"  data-ultimate-target='.uvc-heading.ultimate-heading-5876a05a5546876e .uvc-sub-heading '  data-responsive-json-new='{\"font-size\":\"\",\"line-height\":\"desktop:27px;\"}'  style=\"font-weight:normal;margin-bottom:20px;\">Klicken Sie auf das gew\u00fcnschte Muster und anschlie\u00dfend auf den gr\u00fcnen Button mit der Aufschrift \u201eIn den Warenkorb\u201c. Klicken Sie anschlie\u00dfend auf \u201eWarenkorb ansehen\u201c. Anschlie\u00dfend werden Sie auf eine Seite weitergeleitet, auf der Sie bezahlen k\u00f6nnen. Sie m\u00fcssen lediglich Ihren Namen und Ihre E-Mail-Adresse eingeben, anschlie\u00dfend k\u00f6nnen Sie Ihre Zahlungsart ausw\u00e4hlen. Nach Abschluss Ihrer Zahlung werden Sie zur\u00fcck auf meine Seite weitergeleitet. Die Schnittmuster k\u00f6nnen Sie hier sofort herunterladen. Sie erhalten au\u00dferdem automatisch eine E-Mail mit den Download-Links. Vergessen Sie nicht, auch Ihren Spam-Ordner zu \u00fcberpr\u00fcfen, manchmal landet die E-Mail dort. Falls Sie aus irgendeinem Grund die Anleitung nicht herunterladen k\u00f6nnen, senden Sie bitte eine E-Mail an amigurumi@live.nl. Ich werde Ihnen die Schnittmuster dann erneut zusenden.<\/p>\n<p>Ich w\u00fcnsche dir viel Spa\u00df beim H\u00e4keln!<\/p>\n<p>Liebe Gr\u00fc\u00dfe, Christel<\/div><\/div>[\/vc_column_inner][\/vc_row_inner][\/vc_column][\/vc_row]<\/p>\n<\/div>","protected":false},"excerpt":{"rendered":"<p>[vc_row][vc_column offset=&#8220;vc_col-lg-offset-0 vc_col-md-offset-0&#8243;][vc_row_inner equal_height=&#8220;yes&#8220; content_placement=&#8220;middle&#8220;][vc_column_inner width=&#8220;1\/2&#8243; offset=&#8220;vc_col-lg-offset-1 vc_col-lg-6 vc_col-md-offset-1 vc_col-md-6 vc_col-sm-offset-0 vc_col-xs-12&#8243; css=&#8220;.vc_custom_1769510532576{margin-bottom: 20px !important;border-left-width: 3px !important;padding-left: 40px !important;border-left-style: dashed&#8230;<\/p>\n","protected":false},"author":2,"featured_media":0,"parent":0,"menu_order":15,"comment_status":"closed","ping_status":"closed","template":"","meta":{"footnotes":""},"class_list":["post-114136","page","type-page","status-publish"],"_links":{"self":[{"href":"https:\/\/christelkrukkert.nl\/de\/wp-json\/wp\/v2\/pages\/114136","targetHints":{"allow":["GET"]}}],"collection":[{"href":"https:\/\/christelkrukkert.nl\/de\/wp-json\/wp\/v2\/pages"}],"about":[{"href":"https:\/\/christelkrukkert.nl\/de\/wp-json\/wp\/v2\/types\/page"}],"author":[{"embeddable":true,"href":"https:\/\/christelkrukkert.nl\/de\/wp-json\/wp\/v2\/users\/2"}],"replies":[{"embeddable":true,"href":"https:\/\/christelkrukkert.nl\/de\/wp-json\/wp\/v2\/comments?post=114136"}],"version-history":[{"count":3,"href":"https:\/\/christelkrukkert.nl\/de\/wp-json\/wp\/v2\/pages\/114136\/revisions"}],"predecessor-version":[{"id":116763,"href":"https:\/\/christelkrukkert.nl\/de\/wp-json\/wp\/v2\/pages\/114136\/revisions\/116763"}],"wp:attachment":[{"href":"https:\/\/christelkrukkert.nl\/de\/wp-json\/wp\/v2\/media?parent=114136"}],"curies":[{"name":"wp","href":"https:\/\/api.w.org\/{rel}","templated":true}]}}