{"id":114165,"date":"2025-11-25T12:42:39","date_gmt":"2025-11-25T11:42:39","guid":{"rendered":"https:\/\/christelkrukkert.nl\/datenschutzrichtlinie\/"},"modified":"2026-02-17T11:35:59","modified_gmt":"2026-02-17T10:35:59","slug":"datenschutzrichtlinie","status":"publish","type":"page","link":"https:\/\/christelkrukkert.nl\/de\/datenschutzrichtlinie\/","title":{"rendered":"Datenschutzrichtlinie"},"content":{"rendered":"<div class=\"wpb-content-wrapper\"><p>[vc_row][vc_column][vc_column_text css=&#8220;&#8220;]<\/p>\n<h3><span style=\"color: #333333; font-size: 30px; letter-spacing: 0.05em;\">Wer sind wir?<\/span><\/h3>\n<p>Unsere Website-Adresse lautet: https:\/\/www.christelkrukkert.nl.<\/p>\n<h3>Welche personenbezogenen Daten wir erheben und warum wir sie erheben<\/h3>\n<div id=\"gt-res-c\">\n<div id=\"gt-res-p\">\n<div id=\"gt-res-data\">\n<div id=\"gt-res-wrap\">\n<div id=\"gt-res-content\">\n<p id=\"gt-res-dir-ctr\" dir=\"ltr\"><span id=\"result_box\" lang=\"nl\"><span title=\"Alle Informationen, die wir von Ihnen erheben, k\u00f6nnen auf folgende Weise verwendet werden: \u2013 Zur Personalisierung Ihrer Nutzererfahrung (Ihre Informationen helfen uns, besser auf Ihre individuellen Bed\u00fcrfnisse einzugehen) \u2013 Zur Verbesserung unserer Website (wir sind st\u00e4ndig bestrebt, unser Website-Angebot zu verbessern)\">Alle Informationen, die wir von Ihnen erheben, k\u00f6nnen auf folgende Weise verwendet werden: \u2013 Zur Personalisierung Ihrer Nutzererfahrung (Ihre Informationen helfen uns, besser auf Ihre individuellen Bed\u00fcrfnisse einzugehen) \u2013 Zur Verbesserung unserer Website (wir sind st\u00e4ndig bestrebt, unser Website-Angebot zu verbessern)  <\/span><span title=\"Basierend auf den Informationen und dem Feedback, die wir von Ihnen erhalten) \u2013 Zur Verbesserung des Kundenservice (Ihre Informationen helfen uns, Ihre Kundendienstanfragen und Supportanliegen effektiver zu bearbeiten) \u2013 Zur Abwicklung von Transaktionen. Ihre Daten, ob \u00f6ffentlich oder privat, werden nicht verkauft.\">(basierend auf den Informationen und dem Feedback, die wir von Ihnen erhalten) \u2013 Verbesserung des Kundenservice (Ihre Informationen helfen uns, Ihre Kundendienstanfragen und Supportanforderungen effektiver zu bearbeiten) \u2013 Ihre Daten, ob \u00f6ffentlich oder privat, werden nicht verkauft  <\/span><span title=\", ausgetauscht, \u00fcbertragen oder aus irgendeinem Grund an ein anderes Unternehmen weitergegeben werden, es sei denn, dies dient ausdr\u00fccklich der Lieferung des gekauften Produkts oder der angeforderten Dienstleistung.\">, ausgetauscht, \u00fcbertragen oder aus irgendeinem Grund an ein anderes Unternehmen weitergegeben werden, ohne Ihre Zustimmung, au\u00dfer zum ausdr\u00fccklichen Zweck der Lieferung des gekauften Produkts oder der angeforderten Dienstleistung.  <\/span><span title=\"Die E-Mail-Adresse, die Sie f\u00fcr die Bestellabwicklung angeben, kann verwendet werden, um Ihnen Informationen und Aktualisierungen zu Ihrer Bestellung sowie gelegentlich Unternehmensneuigkeiten, Produkt- oder Serviceinformationen usw. zuzusenden. Hinweis: Wenn Sie dies w\u00fcnschen, k\u00f6nnen Sie uns jederzeit kontaktieren.\">Die E-Mail-Adresse, die Sie f\u00fcr die Bestellabwicklung angeben, kann verwendet werden, um Ihnen Informationen und Aktualisierungen zu Ihrer Bestellung sowie Unternehmensneuigkeiten, Produkt- oder Serviceinformationen usw. zuzusenden. Hinweis: Wenn Sie sich zu einem sp\u00e4teren Zeitpunkt abmelden m\u00f6chten,   <\/span><span title=\"Wenn Sie sich vom Erhalt zuk\u00fcnftiger E-Mails abmelden m\u00f6chten, finden Sie am Ende jeder E-Mail eine detaillierte Anleitung zur Abmeldung.\">Falls Sie zuk\u00fcnftig keine E-Mails mehr erhalten m\u00f6chten, finden Sie am Ende jeder E-Mail eine detaillierte Anleitung zum Abmelden.<\/span><\/span><\/p>\n<\/div>\n<\/div>\n<\/div>\n<\/div>\n<\/div>\n<h3>Kommentare<\/h3>\n<p>Wenn Besucher Kommentare auf der Website hinterlassen, erfassen wir die im Kommentarformular angezeigten Daten sowie die IP-Adresse und den Browser-User-Agent-String des Besuchers, um die Spam-Erkennung zu unterst\u00fctzen.<\/p>\n<p>Eine anonymisierte Zeichenfolge, die aus Ihrer E-Mail-Adresse erstellt wird (auch Hash genannt), kann an den Gravatar-Dienst \u00fcbermittelt werden, um zu pr\u00fcfen, ob Sie diesen nutzen. Die Datenschutzrichtlinie von Gravatar finden Sie hier: https:\/\/automattic.com\/privacy\/. Nach Freigabe Ihres Kommentars ist Ihr Profilbild im Kontext Ihres Kommentars \u00f6ffentlich sichtbar. <\/p>\n<h3>Cookies<\/h3>\n<p>Wenn Sie einen Kommentar auf unserer Website hinterlassen, k\u00f6nnen Sie optional Ihren Namen, Ihre E-Mail-Adresse und Ihre Website-Adresse in Cookies speichern lassen. Dies dient Ihrem Komfort, damit Sie Ihre Daten nicht erneut eingeben m\u00fcssen, wenn Sie einen weiteren Kommentar hinterlassen. Diese Cookies sind ein Jahr lang g\u00fcltig.  <\/p>\n<p>Wenn Sie ein Konto besitzen und sich auf dieser Website anmelden, setzen wir ein tempor\u00e4res Cookie, um festzustellen, ob Ihr Browser Cookies akzeptiert. Dieses Cookie enth\u00e4lt keine personenbezogenen Daten und wird beim Schlie\u00dfen des Browsers gel\u00f6scht. <\/p>\n<p>Wenn Sie sich anmelden, speichern wir mehrere Cookies, um Ihre Anmeldeinformationen und Ihre Bildschirmeinstellungen zu sichern. Anmelde-Cookies sind zwei Tage g\u00fcltig, Cookies f\u00fcr Bildschirmeinstellungen ein Jahr. Wenn Sie \u201eAngemeldet bleiben\u201c ausw\u00e4hlen, bleiben Sie zwei Wochen lang angemeldet. Wenn Sie sich abmelden, werden die Anmelde-Cookies gel\u00f6scht.   <\/p>\n<p>Beim Bearbeiten oder Ver\u00f6ffentlichen eines Artikels wird ein zus\u00e4tzlicher Cookie in Ihrem Browser gespeichert. Dieser Cookie enth\u00e4lt keine personenbezogenen Daten und speichert lediglich die Beitrags-ID des bearbeiteten Artikels. Er ist 24 Stunden g\u00fcltig.  <\/p>\n<h3>Eingebettete Inhalte von anderen Websites<\/h3>\n<p>Artikel auf dieser Website k\u00f6nnen eingebettete Inhalte (z. B. Videos, Bilder oder Artikel) enthalten. Eingebettete Inhalte von anderen Websites verhalten sich genauso, als ob der Besucher die andere Website besucht h\u00e4tte.  <\/p>\n<p>Diese Websites k\u00f6nnen Daten \u00fcber Sie sammeln, Cookies verwenden, zus\u00e4tzliche Tracking-Technologien von Drittanbietern einbetten und Ihre Interaktion mit diesen eingebetteten Inhalten \u00fcberwachen, einschlie\u00dflich der Verfolgung Ihrer Interaktion mit den eingebetteten Inhalten, wenn Sie ein Konto besitzen und auf dieser Website angemeldet sind.<\/p>\n<h3>Wie lange wir Ihre Daten speichern<\/h3>\n<p>Wenn Sie einen Kommentar hinterlassen, werden dieser und seine Metadaten dauerhaft gespeichert. So k\u00f6nnen wir Folgekommentare automatisch erkennen und freigeben, anstatt sie in einer Moderationswarteschlange zu speichern. <\/p>\n<p>F\u00fcr Nutzer, die sich auf unserer Website registrieren (sofern vorhanden), speichern wir die von ihnen angegebenen pers\u00f6nlichen Daten in ihrem Nutzerprofil. Alle Nutzer k\u00f6nnen ihre pers\u00f6nlichen Daten jederzeit einsehen, bearbeiten oder l\u00f6schen (mit Ausnahme des Benutzernamens). Website-Administratoren k\u00f6nnen diese Daten ebenfalls einsehen und bearbeiten.  <\/p>\n<h3>Welche Rechte Sie an Ihren Daten haben<\/h3>\n<p>Wenn Sie ein Konto auf dieser Website haben oder Kommentare hinterlassen haben, k\u00f6nnen Sie eine Exportdatei Ihrer bei uns gespeicherten personenbezogenen Daten anfordern, einschlie\u00dflich aller Daten, die Sie uns bereitgestellt haben. Sie k\u00f6nnen auch die L\u00f6schung Ihrer bei uns gespeicherten personenbezogenen Daten beantragen. Dies gilt nicht f\u00fcr Daten, die wir aus administrativen, rechtlichen oder Sicherheitsgr\u00fcnden aufbewahren m\u00fcssen.  <\/p>\n<h3>Wohin wir Ihre Daten senden<\/h3>\n<p>Besucherkommentare k\u00f6nnen durch einen automatisierten Spam-Erkennungsdienst \u00fcberpr\u00fcft werden.[\/vc_column_text][\/vc_column][\/vc_row]<\/p>\n<\/div>","protected":false},"excerpt":{"rendered":"<p>[vc_row][vc_column][vc_column_text css=&#8220;&#8220;] Wer sind wir? Unsere Website-Adresse lautet: https:\/\/www.christelkrukkert.nl. Welche personenbezogenen Daten wir erheben und warum wir sie erheben Alle&#8230;<\/p>\n","protected":false},"author":1,"featured_media":0,"parent":0,"menu_order":0,"comment_status":"closed","ping_status":"closed","template":"","meta":{"footnotes":""},"class_list":["post-114165","page","type-page","status-publish"],"_links":{"self":[{"href":"https:\/\/christelkrukkert.nl\/de\/wp-json\/wp\/v2\/pages\/114165","targetHints":{"allow":["GET"]}}],"collection":[{"href":"https:\/\/christelkrukkert.nl\/de\/wp-json\/wp\/v2\/pages"}],"about":[{"href":"https:\/\/christelkrukkert.nl\/de\/wp-json\/wp\/v2\/types\/page"}],"author":[{"embeddable":true,"href":"https:\/\/christelkrukkert.nl\/de\/wp-json\/wp\/v2\/users\/1"}],"replies":[{"embeddable":true,"href":"https:\/\/christelkrukkert.nl\/de\/wp-json\/wp\/v2\/comments?post=114165"}],"version-history":[{"count":1,"href":"https:\/\/christelkrukkert.nl\/de\/wp-json\/wp\/v2\/pages\/114165\/revisions"}],"predecessor-version":[{"id":114170,"href":"https:\/\/christelkrukkert.nl\/de\/wp-json\/wp\/v2\/pages\/114165\/revisions\/114170"}],"wp:attachment":[{"href":"https:\/\/christelkrukkert.nl\/de\/wp-json\/wp\/v2\/media?parent=114165"}],"curies":[{"name":"wp","href":"https:\/\/api.w.org\/{rel}","templated":true}]}}