{"id":114196,"date":"2019-07-10T13:32:27","date_gmt":"2019-07-10T13:32:27","guid":{"rendered":"https:\/\/christelkrukkert.nl\/product\/polly-das-schwein\/"},"modified":"2026-02-24T08:57:06","modified_gmt":"2026-02-24T07:57:06","slug":"polly-das-schwein","status":"publish","type":"product","link":"https:\/\/christelkrukkert.nl\/de\/produkt\/polly-das-schwein\/","title":{"rendered":"Polly das Schwein"},"content":{"rendered":"","protected":false},"excerpt":{"rendered":"<p>Anleitung auf Deutsch<\/p>\n<p>H\u00f6he ca. 15 cm, geh\u00e4kelt mit H\u00e4kelnadel Nr. 2,5<\/p>\n","protected":false},"featured_media":114200,"comment_status":"open","ping_status":"closed","template":"","meta":[],"product_brand":[],"product_cat":[472],"product_tag":[],"class_list":{"0":"post-114196","1":"product","2":"type-product","3":"status-publish","4":"has-post-thumbnail","6":"product_cat-flaches-amigurumi","8":"first","9":"instock","10":"downloadable","11":"virtual","12":"taxable","13":"purchasable","14":"product-type-simple"},"_links":{"self":[{"href":"https:\/\/christelkrukkert.nl\/de\/wp-json\/wp\/v2\/product\/114196","targetHints":{"allow":["GET"]}}],"collection":[{"href":"https:\/\/christelkrukkert.nl\/de\/wp-json\/wp\/v2\/product"}],"about":[{"href":"https:\/\/christelkrukkert.nl\/de\/wp-json\/wp\/v2\/types\/product"}],"replies":[{"embeddable":true,"href":"https:\/\/christelkrukkert.nl\/de\/wp-json\/wp\/v2\/comments?post=114196"}],"wp:featuredmedia":[{"embeddable":true,"href":"https:\/\/christelkrukkert.nl\/de\/wp-json\/wp\/v2\/media\/114200"}],"wp:attachment":[{"href":"https:\/\/christelkrukkert.nl\/de\/wp-json\/wp\/v2\/media?parent=114196"}],"wp:term":[{"taxonomy":"product_brand","embeddable":true,"href":"https:\/\/christelkrukkert.nl\/de\/wp-json\/wp\/v2\/product_brand?post=114196"},{"taxonomy":"product_cat","embeddable":true,"href":"https:\/\/christelkrukkert.nl\/de\/wp-json\/wp\/v2\/product_cat?post=114196"},{"taxonomy":"product_tag","embeddable":true,"href":"https:\/\/christelkrukkert.nl\/de\/wp-json\/wp\/v2\/product_tag?post=114196"}],"curies":[{"name":"wp","href":"https:\/\/api.w.org\/{rel}","templated":true}]}}