{"id":114316,"date":"2019-10-06T08:34:48","date_gmt":"2019-10-06T08:34:48","guid":{"rendered":"https:\/\/christelkrukkert.nl\/product\/weihnachtsmann-2\/"},"modified":"2026-02-23T20:26:40","modified_gmt":"2026-02-23T19:26:40","slug":"weihnachtsmann-2","status":"publish","type":"product","link":"https:\/\/christelkrukkert.nl\/de\/produkt\/weihnachtsmann-2\/","title":{"rendered":"Weihnachtsmann"},"content":{"rendered":"","protected":false},"excerpt":{"rendered":"<p>Anleitung auf Deutsch<\/p>\n<p>H\u00f6he ca. 20 cm, geh\u00e4kelt mit H\u00e4kelnadel Nr. 2,5<\/p>\n","protected":false},"featured_media":116764,"comment_status":"open","ping_status":"closed","template":"","meta":[],"product_brand":[],"product_cat":[490,491,492],"product_tag":[],"class_list":{"0":"post-114316","1":"product","2":"type-product","3":"status-publish","4":"has-post-thumbnail","6":"product_cat-anweisungen","7":"product_cat-flache-amigurumi","8":"product_cat-weihnachten","10":"first","11":"instock","12":"downloadable","13":"virtual","14":"taxable","15":"purchasable","16":"product-type-simple"},"_links":{"self":[{"href":"https:\/\/christelkrukkert.nl\/de\/wp-json\/wp\/v2\/product\/114316","targetHints":{"allow":["GET"]}}],"collection":[{"href":"https:\/\/christelkrukkert.nl\/de\/wp-json\/wp\/v2\/product"}],"about":[{"href":"https:\/\/christelkrukkert.nl\/de\/wp-json\/wp\/v2\/types\/product"}],"replies":[{"embeddable":true,"href":"https:\/\/christelkrukkert.nl\/de\/wp-json\/wp\/v2\/comments?post=114316"}],"wp:featuredmedia":[{"embeddable":true,"href":"https:\/\/christelkrukkert.nl\/de\/wp-json\/wp\/v2\/media\/116764"}],"wp:attachment":[{"href":"https:\/\/christelkrukkert.nl\/de\/wp-json\/wp\/v2\/media?parent=114316"}],"wp:term":[{"taxonomy":"product_brand","embeddable":true,"href":"https:\/\/christelkrukkert.nl\/de\/wp-json\/wp\/v2\/product_brand?post=114316"},{"taxonomy":"product_cat","embeddable":true,"href":"https:\/\/christelkrukkert.nl\/de\/wp-json\/wp\/v2\/product_cat?post=114316"},{"taxonomy":"product_tag","embeddable":true,"href":"https:\/\/christelkrukkert.nl\/de\/wp-json\/wp\/v2\/product_tag?post=114316"}],"curies":[{"name":"wp","href":"https:\/\/api.w.org\/{rel}","templated":true}]}}