{"id":114518,"date":"2020-09-18T09:04:03","date_gmt":"2020-09-18T09:04:03","guid":{"rendered":"https:\/\/christelkrukkert.nl\/product\/traktor\/"},"modified":"2026-02-23T19:47:21","modified_gmt":"2026-02-23T18:47:21","slug":"traktor","status":"publish","type":"product","link":"https:\/\/christelkrukkert.nl\/de\/produkt\/traktor\/","title":{"rendered":"Traktor"},"content":{"rendered":"","protected":false},"excerpt":{"rendered":"<p>Anleitung auf Deutsch<\/p>\n<p>H\u00f6he ca. 14 cm, geh\u00e4kelt mit H\u00e4kelnadel Nr. 2,5<\/p>\n","protected":false},"featured_media":114519,"comment_status":"open","ping_status":"closed","template":"","meta":[],"product_brand":[],"product_cat":[511,472,475,513],"product_tag":[803,548,515,549,502],"class_list":{"0":"post-114518","1":"product","2":"type-product","3":"status-publish","4":"has-post-thumbnail","6":"product_cat-fahrzeuge","7":"product_cat-flaches-amigurumi","8":"product_cat-muster","9":"product_cat-werkzeuge","10":"product_tag-autos-2","11":"product_tag-bauernhof","12":"product_tag-fahrzeuge","13":"product_tag-traktor","14":"product_tag-wohnung","16":"first","17":"instock","18":"downloadable","19":"virtual","20":"taxable","21":"purchasable","22":"product-type-simple"},"_links":{"self":[{"href":"https:\/\/christelkrukkert.nl\/de\/wp-json\/wp\/v2\/product\/114518","targetHints":{"allow":["GET"]}}],"collection":[{"href":"https:\/\/christelkrukkert.nl\/de\/wp-json\/wp\/v2\/product"}],"about":[{"href":"https:\/\/christelkrukkert.nl\/de\/wp-json\/wp\/v2\/types\/product"}],"replies":[{"embeddable":true,"href":"https:\/\/christelkrukkert.nl\/de\/wp-json\/wp\/v2\/comments?post=114518"}],"wp:featuredmedia":[{"embeddable":true,"href":"https:\/\/christelkrukkert.nl\/de\/wp-json\/wp\/v2\/media\/114519"}],"wp:attachment":[{"href":"https:\/\/christelkrukkert.nl\/de\/wp-json\/wp\/v2\/media?parent=114518"}],"wp:term":[{"taxonomy":"product_brand","embeddable":true,"href":"https:\/\/christelkrukkert.nl\/de\/wp-json\/wp\/v2\/product_brand?post=114518"},{"taxonomy":"product_cat","embeddable":true,"href":"https:\/\/christelkrukkert.nl\/de\/wp-json\/wp\/v2\/product_cat?post=114518"},{"taxonomy":"product_tag","embeddable":true,"href":"https:\/\/christelkrukkert.nl\/de\/wp-json\/wp\/v2\/product_tag?post=114518"}],"curies":[{"name":"wp","href":"https:\/\/api.w.org\/{rel}","templated":true}]}}