{"id":114553,"date":"2020-10-14T13:52:01","date_gmt":"2020-10-14T13:52:01","guid":{"rendered":"https:\/\/christelkrukkert.nl\/product\/lkw\/"},"modified":"2026-02-23T19:39:34","modified_gmt":"2026-02-23T18:39:34","slug":"lkw","status":"publish","type":"product","link":"https:\/\/christelkrukkert.nl\/de\/produkt\/lkw\/","title":{"rendered":"LKW"},"content":{"rendered":"","protected":false},"excerpt":{"rendered":"<p>Anleitung auf Deutsch<\/p>\n<p>H\u00f6he ca. 12 cm, geh\u00e4kelt mit H\u00e4kelnadel Nr. 2,5<\/p>\n","protected":false},"featured_media":114555,"comment_status":"open","ping_status":"closed","template":"","meta":[],"product_brand":[],"product_cat":[511,472,537,475],"product_tag":[515,561,502],"class_list":{"0":"post-114553","1":"product","2":"type-product","3":"status-publish","4":"has-post-thumbnail","6":"product_cat-fahrzeuge","7":"product_cat-flaches-amigurumi","8":"product_cat-lastwagen","9":"product_cat-muster","10":"product_tag-fahrzeuge","11":"product_tag-lkw","12":"product_tag-wohnung","14":"first","15":"instock","16":"downloadable","17":"virtual","18":"taxable","19":"purchasable","20":"product-type-simple"},"_links":{"self":[{"href":"https:\/\/christelkrukkert.nl\/de\/wp-json\/wp\/v2\/product\/114553","targetHints":{"allow":["GET"]}}],"collection":[{"href":"https:\/\/christelkrukkert.nl\/de\/wp-json\/wp\/v2\/product"}],"about":[{"href":"https:\/\/christelkrukkert.nl\/de\/wp-json\/wp\/v2\/types\/product"}],"replies":[{"embeddable":true,"href":"https:\/\/christelkrukkert.nl\/de\/wp-json\/wp\/v2\/comments?post=114553"}],"wp:featuredmedia":[{"embeddable":true,"href":"https:\/\/christelkrukkert.nl\/de\/wp-json\/wp\/v2\/media\/114555"}],"wp:attachment":[{"href":"https:\/\/christelkrukkert.nl\/de\/wp-json\/wp\/v2\/media?parent=114553"}],"wp:term":[{"taxonomy":"product_brand","embeddable":true,"href":"https:\/\/christelkrukkert.nl\/de\/wp-json\/wp\/v2\/product_brand?post=114553"},{"taxonomy":"product_cat","embeddable":true,"href":"https:\/\/christelkrukkert.nl\/de\/wp-json\/wp\/v2\/product_cat?post=114553"},{"taxonomy":"product_tag","embeddable":true,"href":"https:\/\/christelkrukkert.nl\/de\/wp-json\/wp\/v2\/product_tag?post=114553"}],"curies":[{"name":"wp","href":"https:\/\/api.w.org\/{rel}","templated":true}]}}