{"id":114603,"date":"2020-11-23T15:15:33","date_gmt":"2020-11-23T15:15:33","guid":{"rendered":"https:\/\/christelkrukkert.nl\/product\/blaues-weihnachtshaus\/"},"modified":"2026-02-23T19:35:17","modified_gmt":"2026-02-23T18:35:17","slug":"blaues-weihnachtshaus","status":"publish","type":"product","link":"https:\/\/christelkrukkert.nl\/de\/produkt\/blaues-weihnachtshaus\/","title":{"rendered":"Blaues Weihnachtshaus"},"content":{"rendered":"","protected":false},"excerpt":{"rendered":"<p>Anleitung auf Deutsch<\/p>\n<p>H\u00f6he ca. 19 cm, geh\u00e4kelt mit H\u00e4kelnadel Nr. 2,5<\/p>\n","protected":false},"featured_media":114604,"comment_status":"open","ping_status":"closed","template":"","meta":[],"product_brand":[],"product_cat":[472,499],"product_tag":[484,572,500],"class_list":{"0":"post-114603","1":"product","2":"type-product","3":"status-publish","4":"has-post-thumbnail","6":"product_cat-flaches-amigurumi","7":"product_cat-weihnachten-2","8":"product_tag-dezember","9":"product_tag-hauser","10":"product_tag-weihnachten","12":"first","13":"instock","14":"downloadable","15":"virtual","16":"taxable","17":"purchasable","18":"product-type-simple"},"_links":{"self":[{"href":"https:\/\/christelkrukkert.nl\/de\/wp-json\/wp\/v2\/product\/114603","targetHints":{"allow":["GET"]}}],"collection":[{"href":"https:\/\/christelkrukkert.nl\/de\/wp-json\/wp\/v2\/product"}],"about":[{"href":"https:\/\/christelkrukkert.nl\/de\/wp-json\/wp\/v2\/types\/product"}],"replies":[{"embeddable":true,"href":"https:\/\/christelkrukkert.nl\/de\/wp-json\/wp\/v2\/comments?post=114603"}],"wp:featuredmedia":[{"embeddable":true,"href":"https:\/\/christelkrukkert.nl\/de\/wp-json\/wp\/v2\/media\/114604"}],"wp:attachment":[{"href":"https:\/\/christelkrukkert.nl\/de\/wp-json\/wp\/v2\/media?parent=114603"}],"wp:term":[{"taxonomy":"product_brand","embeddable":true,"href":"https:\/\/christelkrukkert.nl\/de\/wp-json\/wp\/v2\/product_brand?post=114603"},{"taxonomy":"product_cat","embeddable":true,"href":"https:\/\/christelkrukkert.nl\/de\/wp-json\/wp\/v2\/product_cat?post=114603"},{"taxonomy":"product_tag","embeddable":true,"href":"https:\/\/christelkrukkert.nl\/de\/wp-json\/wp\/v2\/product_tag?post=114603"}],"curies":[{"name":"wp","href":"https:\/\/api.w.org\/{rel}","templated":true}]}}