{"id":114674,"date":"2021-03-15T17:46:17","date_gmt":"2021-03-15T17:46:17","guid":{"rendered":"https:\/\/christelkrukkert.nl\/product\/nora-das-nashorn\/"},"modified":"2026-02-23T19:22:04","modified_gmt":"2026-02-23T18:22:04","slug":"nora-das-nashorn","status":"publish","type":"product","link":"https:\/\/christelkrukkert.nl\/de\/produkt\/nora-das-nashorn\/","title":{"rendered":"Nora das Nashorn"},"content":{"rendered":"","protected":false},"excerpt":{"rendered":"<p>Anleitung auf Deutsch<\/p>\n<p>H\u00f6he ca. 12 cm, geh\u00e4kelt mit H\u00e4kelnadel Nr. 2,5<\/p>\n","protected":false},"featured_media":114675,"comment_status":"open","ping_status":"closed","template":"","meta":[],"product_brand":[],"product_cat":[472,475],"product_tag":[577,587,576,502],"class_list":{"0":"post-114674","1":"product","2":"type-product","3":"status-publish","4":"has-post-thumbnail","6":"product_cat-flaches-amigurumi","7":"product_cat-muster","8":"product_tag-dschungel","9":"product_tag-nashorn","10":"product_tag-tiere","11":"product_tag-wohnung","13":"first","14":"instock","15":"downloadable","16":"virtual","17":"taxable","18":"purchasable","19":"product-type-simple"},"_links":{"self":[{"href":"https:\/\/christelkrukkert.nl\/de\/wp-json\/wp\/v2\/product\/114674","targetHints":{"allow":["GET"]}}],"collection":[{"href":"https:\/\/christelkrukkert.nl\/de\/wp-json\/wp\/v2\/product"}],"about":[{"href":"https:\/\/christelkrukkert.nl\/de\/wp-json\/wp\/v2\/types\/product"}],"replies":[{"embeddable":true,"href":"https:\/\/christelkrukkert.nl\/de\/wp-json\/wp\/v2\/comments?post=114674"}],"wp:featuredmedia":[{"embeddable":true,"href":"https:\/\/christelkrukkert.nl\/de\/wp-json\/wp\/v2\/media\/114675"}],"wp:attachment":[{"href":"https:\/\/christelkrukkert.nl\/de\/wp-json\/wp\/v2\/media?parent=114674"}],"wp:term":[{"taxonomy":"product_brand","embeddable":true,"href":"https:\/\/christelkrukkert.nl\/de\/wp-json\/wp\/v2\/product_brand?post=114674"},{"taxonomy":"product_cat","embeddable":true,"href":"https:\/\/christelkrukkert.nl\/de\/wp-json\/wp\/v2\/product_cat?post=114674"},{"taxonomy":"product_tag","embeddable":true,"href":"https:\/\/christelkrukkert.nl\/de\/wp-json\/wp\/v2\/product_tag?post=114674"}],"curies":[{"name":"wp","href":"https:\/\/api.w.org\/{rel}","templated":true}]}}