{"id":114763,"date":"2022-02-02T14:15:45","date_gmt":"2022-02-02T14:15:45","guid":{"rendered":"https:\/\/christelkrukkert.nl\/product\/femke-der-flamingo\/"},"modified":"2026-02-23T18:59:15","modified_gmt":"2026-02-23T17:59:15","slug":"femke-der-flamingo","status":"publish","type":"product","link":"https:\/\/christelkrukkert.nl\/de\/produkt\/femke-der-flamingo\/","title":{"rendered":"Femke der Flamingo"},"content":{"rendered":"","protected":false},"excerpt":{"rendered":"<p>Anleitung auf Deutsch<\/p>\n<p>H\u00f6he ca. 20 cm (sitzend), geh\u00e4kelt mit H\u00e4kelnadel Nr. 2,5<\/p>\n","protected":false},"featured_media":114764,"comment_status":"open","ping_status":"closed","template":"","meta":[],"product_brand":[],"product_cat":[606,475],"product_tag":[],"class_list":{"0":"post-114763","1":"product","2":"type-product","3":"status-publish","4":"has-post-thumbnail","6":"product_cat-kuscheltiere-mit-kleidung","7":"product_cat-muster","9":"first","10":"instock","11":"downloadable","12":"virtual","13":"taxable","14":"purchasable","15":"product-type-simple"},"_links":{"self":[{"href":"https:\/\/christelkrukkert.nl\/de\/wp-json\/wp\/v2\/product\/114763","targetHints":{"allow":["GET"]}}],"collection":[{"href":"https:\/\/christelkrukkert.nl\/de\/wp-json\/wp\/v2\/product"}],"about":[{"href":"https:\/\/christelkrukkert.nl\/de\/wp-json\/wp\/v2\/types\/product"}],"replies":[{"embeddable":true,"href":"https:\/\/christelkrukkert.nl\/de\/wp-json\/wp\/v2\/comments?post=114763"}],"wp:featuredmedia":[{"embeddable":true,"href":"https:\/\/christelkrukkert.nl\/de\/wp-json\/wp\/v2\/media\/114764"}],"wp:attachment":[{"href":"https:\/\/christelkrukkert.nl\/de\/wp-json\/wp\/v2\/media?parent=114763"}],"wp:term":[{"taxonomy":"product_brand","embeddable":true,"href":"https:\/\/christelkrukkert.nl\/de\/wp-json\/wp\/v2\/product_brand?post=114763"},{"taxonomy":"product_cat","embeddable":true,"href":"https:\/\/christelkrukkert.nl\/de\/wp-json\/wp\/v2\/product_cat?post=114763"},{"taxonomy":"product_tag","embeddable":true,"href":"https:\/\/christelkrukkert.nl\/de\/wp-json\/wp\/v2\/product_tag?post=114763"}],"curies":[{"name":"wp","href":"https:\/\/api.w.org\/{rel}","templated":true}]}}