{"id":114802,"date":"2022-02-09T11:27:18","date_gmt":"2022-02-09T11:27:18","guid":{"rendered":"https:\/\/christelkrukkert.nl\/product\/anna-das-alpaka\/"},"modified":"2026-02-23T18:54:01","modified_gmt":"2026-02-23T17:54:01","slug":"anna-das-alpaka","status":"publish","type":"product","link":"https:\/\/christelkrukkert.nl\/de\/produkt\/anna-das-alpaka\/","title":{"rendered":"Anna das Alpaka"},"content":{"rendered":"","protected":false},"excerpt":{"rendered":"<p>Anleitung auf Deutsch<\/p>\n<p>H\u00f6he ca. 24 cm (sitzend), geh\u00e4kelt mit H\u00e4kelnadel Nr. 2,5<\/p>\n","protected":false},"featured_media":114804,"comment_status":"open","ping_status":"closed","template":"","meta":[],"product_brand":[],"product_cat":[606,475],"product_tag":[625,607,608],"class_list":{"0":"post-114802","1":"product","2":"type-product","3":"status-publish","4":"has-post-thumbnail","6":"product_cat-kuscheltiere-mit-kleidung","7":"product_cat-muster","8":"product_tag-alpaka","9":"product_tag-kleidung","10":"product_tag-umarmungen","12":"first","13":"instock","14":"downloadable","15":"virtual","16":"taxable","17":"purchasable","18":"product-type-simple"},"_links":{"self":[{"href":"https:\/\/christelkrukkert.nl\/de\/wp-json\/wp\/v2\/product\/114802","targetHints":{"allow":["GET"]}}],"collection":[{"href":"https:\/\/christelkrukkert.nl\/de\/wp-json\/wp\/v2\/product"}],"about":[{"href":"https:\/\/christelkrukkert.nl\/de\/wp-json\/wp\/v2\/types\/product"}],"replies":[{"embeddable":true,"href":"https:\/\/christelkrukkert.nl\/de\/wp-json\/wp\/v2\/comments?post=114802"}],"wp:featuredmedia":[{"embeddable":true,"href":"https:\/\/christelkrukkert.nl\/de\/wp-json\/wp\/v2\/media\/114804"}],"wp:attachment":[{"href":"https:\/\/christelkrukkert.nl\/de\/wp-json\/wp\/v2\/media?parent=114802"}],"wp:term":[{"taxonomy":"product_brand","embeddable":true,"href":"https:\/\/christelkrukkert.nl\/de\/wp-json\/wp\/v2\/product_brand?post=114802"},{"taxonomy":"product_cat","embeddable":true,"href":"https:\/\/christelkrukkert.nl\/de\/wp-json\/wp\/v2\/product_cat?post=114802"},{"taxonomy":"product_tag","embeddable":true,"href":"https:\/\/christelkrukkert.nl\/de\/wp-json\/wp\/v2\/product_tag?post=114802"}],"curies":[{"name":"wp","href":"https:\/\/api.w.org\/{rel}","templated":true}]}}