{"id":114859,"date":"2022-03-18T12:34:15","date_gmt":"2022-03-18T12:34:15","guid":{"rendered":"https:\/\/christelkrukkert.nl\/product\/ula-die-eule\/"},"modified":"2026-02-23T18:44:51","modified_gmt":"2026-02-23T17:44:51","slug":"ula-die-eule","status":"publish","type":"product","link":"https:\/\/christelkrukkert.nl\/de\/produkt\/ula-die-eule\/","title":{"rendered":"Ula die Eule"},"content":{"rendered":"","protected":false},"excerpt":{"rendered":"<p>Anleitung auf Deutsch<\/p>\n<p>H\u00f6he ca. 16 cm, geh\u00e4kelt mit H\u00e4kelnadel Nr. 2,5<\/p>\n","protected":false},"featured_media":114861,"comment_status":"open","ping_status":"closed","template":"","meta":[],"product_brand":[],"product_cat":[472],"product_tag":[637,576,598,633,502],"class_list":{"0":"post-114859","1":"product","2":"type-product","3":"status-publish","4":"has-post-thumbnail","6":"product_cat-flaches-amigurumi","7":"product_tag-eule","8":"product_tag-tiere","9":"product_tag-vogel","10":"product_tag-waldtiere","11":"product_tag-wohnung","13":"first","14":"instock","15":"downloadable","16":"virtual","17":"taxable","18":"purchasable","19":"product-type-simple"},"_links":{"self":[{"href":"https:\/\/christelkrukkert.nl\/de\/wp-json\/wp\/v2\/product\/114859","targetHints":{"allow":["GET"]}}],"collection":[{"href":"https:\/\/christelkrukkert.nl\/de\/wp-json\/wp\/v2\/product"}],"about":[{"href":"https:\/\/christelkrukkert.nl\/de\/wp-json\/wp\/v2\/types\/product"}],"replies":[{"embeddable":true,"href":"https:\/\/christelkrukkert.nl\/de\/wp-json\/wp\/v2\/comments?post=114859"}],"wp:featuredmedia":[{"embeddable":true,"href":"https:\/\/christelkrukkert.nl\/de\/wp-json\/wp\/v2\/media\/114861"}],"wp:attachment":[{"href":"https:\/\/christelkrukkert.nl\/de\/wp-json\/wp\/v2\/media?parent=114859"}],"wp:term":[{"taxonomy":"product_brand","embeddable":true,"href":"https:\/\/christelkrukkert.nl\/de\/wp-json\/wp\/v2\/product_brand?post=114859"},{"taxonomy":"product_cat","embeddable":true,"href":"https:\/\/christelkrukkert.nl\/de\/wp-json\/wp\/v2\/product_cat?post=114859"},{"taxonomy":"product_tag","embeddable":true,"href":"https:\/\/christelkrukkert.nl\/de\/wp-json\/wp\/v2\/product_tag?post=114859"}],"curies":[{"name":"wp","href":"https:\/\/api.w.org\/{rel}","templated":true}]}}