{"id":114976,"date":"2023-06-11T11:45:11","date_gmt":"2023-06-11T11:45:11","guid":{"rendered":"https:\/\/christelkrukkert.nl\/product\/stan-der-stachelrochen\/"},"modified":"2026-02-23T18:30:14","modified_gmt":"2026-02-23T17:30:14","slug":"stan-der-stachelrochen","status":"publish","type":"product","link":"https:\/\/christelkrukkert.nl\/de\/produkt\/stan-der-stachelrochen\/","title":{"rendered":"Stan der Stachelrochen"},"content":{"rendered":"","protected":false},"excerpt":{"rendered":"<p>Anleitung auf Deutsch<\/p>\n<p>L\u00e4nge inklusive Schwanz ca. 21 cm, geh\u00e4kelt mit H\u00e4kelnadel Nr. 2,5<\/p>\n<p>&nbsp;<\/p>\n","protected":false},"featured_media":114978,"comment_status":"open","ping_status":"closed","template":"","meta":[],"product_brand":[],"product_cat":[472,475],"product_tag":[655,656,665,576,502],"class_list":{"0":"post-114976","1":"product","2":"type-product","3":"status-publish","4":"has-post-thumbnail","6":"product_cat-flaches-amigurumi","7":"product_cat-muster","8":"product_tag-angeln","9":"product_tag-meerestiere","10":"product_tag-stachelrochen","11":"product_tag-tiere","12":"product_tag-wohnung","14":"first","15":"instock","16":"downloadable","17":"virtual","18":"taxable","19":"purchasable","20":"product-type-simple"},"_links":{"self":[{"href":"https:\/\/christelkrukkert.nl\/de\/wp-json\/wp\/v2\/product\/114976","targetHints":{"allow":["GET"]}}],"collection":[{"href":"https:\/\/christelkrukkert.nl\/de\/wp-json\/wp\/v2\/product"}],"about":[{"href":"https:\/\/christelkrukkert.nl\/de\/wp-json\/wp\/v2\/types\/product"}],"replies":[{"embeddable":true,"href":"https:\/\/christelkrukkert.nl\/de\/wp-json\/wp\/v2\/comments?post=114976"}],"wp:featuredmedia":[{"embeddable":true,"href":"https:\/\/christelkrukkert.nl\/de\/wp-json\/wp\/v2\/media\/114978"}],"wp:attachment":[{"href":"https:\/\/christelkrukkert.nl\/de\/wp-json\/wp\/v2\/media?parent=114976"}],"wp:term":[{"taxonomy":"product_brand","embeddable":true,"href":"https:\/\/christelkrukkert.nl\/de\/wp-json\/wp\/v2\/product_brand?post=114976"},{"taxonomy":"product_cat","embeddable":true,"href":"https:\/\/christelkrukkert.nl\/de\/wp-json\/wp\/v2\/product_cat?post=114976"},{"taxonomy":"product_tag","embeddable":true,"href":"https:\/\/christelkrukkert.nl\/de\/wp-json\/wp\/v2\/product_tag?post=114976"}],"curies":[{"name":"wp","href":"https:\/\/api.w.org\/{rel}","templated":true}]}}