{"id":115003,"date":"2023-06-07T18:26:53","date_gmt":"2023-06-07T18:26:53","guid":{"rendered":"https:\/\/christelkrukkert.nl\/product\/katie-die-krabbe\/"},"modified":"2026-02-23T18:32:20","modified_gmt":"2026-02-23T17:32:20","slug":"katie-die-krabbe","status":"publish","type":"product","link":"https:\/\/christelkrukkert.nl\/de\/produkt\/katie-die-krabbe\/","title":{"rendered":"Katie die Krabbe"},"content":{"rendered":"","protected":false},"excerpt":{"rendered":"<p>Anleitung auf Deutsch<\/p>\n<p>H\u00f6he ca. 18 cm, geh\u00e4kelt mit H\u00e4kelnadel Nr. 2,5<\/p>\n","protected":false},"featured_media":115007,"comment_status":"open","ping_status":"closed","template":"","meta":[],"product_brand":[],"product_cat":[472,475],"product_tag":[655,672,656,576,502],"class_list":{"0":"post-115003","1":"product","2":"type-product","3":"status-publish","4":"has-post-thumbnail","6":"product_cat-flaches-amigurumi","7":"product_cat-muster","8":"product_tag-angeln","9":"product_tag-krabbe","10":"product_tag-meerestiere","11":"product_tag-tiere","12":"product_tag-wohnung","14":"first","15":"instock","16":"downloadable","17":"virtual","18":"taxable","19":"purchasable","20":"product-type-simple"},"_links":{"self":[{"href":"https:\/\/christelkrukkert.nl\/de\/wp-json\/wp\/v2\/product\/115003","targetHints":{"allow":["GET"]}}],"collection":[{"href":"https:\/\/christelkrukkert.nl\/de\/wp-json\/wp\/v2\/product"}],"about":[{"href":"https:\/\/christelkrukkert.nl\/de\/wp-json\/wp\/v2\/types\/product"}],"replies":[{"embeddable":true,"href":"https:\/\/christelkrukkert.nl\/de\/wp-json\/wp\/v2\/comments?post=115003"}],"wp:featuredmedia":[{"embeddable":true,"href":"https:\/\/christelkrukkert.nl\/de\/wp-json\/wp\/v2\/media\/115007"}],"wp:attachment":[{"href":"https:\/\/christelkrukkert.nl\/de\/wp-json\/wp\/v2\/media?parent=115003"}],"wp:term":[{"taxonomy":"product_brand","embeddable":true,"href":"https:\/\/christelkrukkert.nl\/de\/wp-json\/wp\/v2\/product_brand?post=115003"},{"taxonomy":"product_cat","embeddable":true,"href":"https:\/\/christelkrukkert.nl\/de\/wp-json\/wp\/v2\/product_cat?post=115003"},{"taxonomy":"product_tag","embeddable":true,"href":"https:\/\/christelkrukkert.nl\/de\/wp-json\/wp\/v2\/product_tag?post=115003"}],"curies":[{"name":"wp","href":"https:\/\/api.w.org\/{rel}","templated":true}]}}