{"id":115402,"date":"2019-01-18T09:10:20","date_gmt":"2019-01-18T09:10:20","guid":{"rendered":"https:\/\/christelkrukkert.nl\/product\/piratenset\/"},"modified":"2026-02-24T09:10:26","modified_gmt":"2026-02-24T08:10:26","slug":"piratenset","status":"publish","type":"product","link":"https:\/\/christelkrukkert.nl\/de\/produkt\/piratenset\/","title":{"rendered":"Piratenset"},"content":{"rendered":"","protected":false},"excerpt":{"rendered":"<p>Anleitung auf Deutsch<\/p>\n<p>Das Piratenschiff ist etwa 17 cm lang und 19 cm hoch. Die Piraten sind etwa 7 cm gro\u00df und wurden mit einer 2,5-mm-H\u00e4kelnadel geh\u00e4kelt.<\/p>\n","protected":false},"featured_media":115404,"comment_status":"open","ping_status":"closed","template":"","meta":[],"product_brand":[],"product_cat":[743,512],"product_tag":[],"class_list":{"0":"post-115402","1":"product","2":"type-product","3":"status-publish","4":"has-post-thumbnail","6":"product_cat-anderes-spielzeug","7":"product_cat-spielzeug","9":"first","10":"instock","11":"downloadable","12":"virtual","13":"taxable","14":"purchasable","15":"product-type-simple"},"_links":{"self":[{"href":"https:\/\/christelkrukkert.nl\/de\/wp-json\/wp\/v2\/product\/115402","targetHints":{"allow":["GET"]}}],"collection":[{"href":"https:\/\/christelkrukkert.nl\/de\/wp-json\/wp\/v2\/product"}],"about":[{"href":"https:\/\/christelkrukkert.nl\/de\/wp-json\/wp\/v2\/types\/product"}],"replies":[{"embeddable":true,"href":"https:\/\/christelkrukkert.nl\/de\/wp-json\/wp\/v2\/comments?post=115402"}],"wp:featuredmedia":[{"embeddable":true,"href":"https:\/\/christelkrukkert.nl\/de\/wp-json\/wp\/v2\/media\/115404"}],"wp:attachment":[{"href":"https:\/\/christelkrukkert.nl\/de\/wp-json\/wp\/v2\/media?parent=115402"}],"wp:term":[{"taxonomy":"product_brand","embeddable":true,"href":"https:\/\/christelkrukkert.nl\/de\/wp-json\/wp\/v2\/product_brand?post=115402"},{"taxonomy":"product_cat","embeddable":true,"href":"https:\/\/christelkrukkert.nl\/de\/wp-json\/wp\/v2\/product_cat?post=115402"},{"taxonomy":"product_tag","embeddable":true,"href":"https:\/\/christelkrukkert.nl\/de\/wp-json\/wp\/v2\/product_tag?post=115402"}],"curies":[{"name":"wp","href":"https:\/\/api.w.org\/{rel}","templated":true}]}}