{"id":115508,"date":"2015-11-23T15:40:17","date_gmt":"2015-11-23T15:40:17","guid":{"rendered":"https:\/\/christelkrukkert.nl\/product\/pieter\/"},"modified":"2026-02-27T14:27:53","modified_gmt":"2026-02-27T13:27:53","slug":"pieter","status":"publish","type":"product","link":"https:\/\/christelkrukkert.nl\/de\/produkt\/pieter\/","title":{"rendered":"Pieter"},"content":{"rendered":"","protected":false},"excerpt":{"rendered":"<p>Anleitung auf Deutsch<\/p>\n<p>H\u00f6he ca 28 cm (stehend), geh\u00e4kelt mit H\u00e4kelnadel 2,5<\/p>\n","protected":false},"featured_media":115509,"comment_status":"open","ping_status":"closed","template":"","meta":[],"product_brand":[],"product_cat":[745,622],"product_tag":[],"class_list":{"0":"post-115508","1":"product","2":"type-product","3":"status-publish","4":"has-post-thumbnail","6":"product_cat-affen","7":"product_cat-beliebt","9":"first","10":"instock","11":"downloadable","12":"virtual","13":"taxable","14":"purchasable","15":"product-type-simple"},"_links":{"self":[{"href":"https:\/\/christelkrukkert.nl\/de\/wp-json\/wp\/v2\/product\/115508","targetHints":{"allow":["GET"]}}],"collection":[{"href":"https:\/\/christelkrukkert.nl\/de\/wp-json\/wp\/v2\/product"}],"about":[{"href":"https:\/\/christelkrukkert.nl\/de\/wp-json\/wp\/v2\/types\/product"}],"replies":[{"embeddable":true,"href":"https:\/\/christelkrukkert.nl\/de\/wp-json\/wp\/v2\/comments?post=115508"}],"wp:featuredmedia":[{"embeddable":true,"href":"https:\/\/christelkrukkert.nl\/de\/wp-json\/wp\/v2\/media\/115509"}],"wp:attachment":[{"href":"https:\/\/christelkrukkert.nl\/de\/wp-json\/wp\/v2\/media?parent=115508"}],"wp:term":[{"taxonomy":"product_brand","embeddable":true,"href":"https:\/\/christelkrukkert.nl\/de\/wp-json\/wp\/v2\/product_brand?post=115508"},{"taxonomy":"product_cat","embeddable":true,"href":"https:\/\/christelkrukkert.nl\/de\/wp-json\/wp\/v2\/product_cat?post=115508"},{"taxonomy":"product_tag","embeddable":true,"href":"https:\/\/christelkrukkert.nl\/de\/wp-json\/wp\/v2\/product_tag?post=115508"}],"curies":[{"name":"wp","href":"https:\/\/api.w.org\/{rel}","templated":true}]}}