{"id":115593,"date":"2015-12-02T16:47:50","date_gmt":"2015-12-02T16:47:50","guid":{"rendered":"https:\/\/christelkrukkert.nl\/product\/hirten-und-schafe\/"},"modified":"2026-02-27T13:11:03","modified_gmt":"2026-02-27T12:11:03","slug":"hirten-und-schafe","status":"publish","type":"product","link":"https:\/\/christelkrukkert.nl\/de\/produkt\/hirten-und-schafe\/","title":{"rendered":"Hirten und Schafe"},"content":{"rendered":"","protected":false},"excerpt":{"rendered":"<p>Anleitung auf Deutsch<\/p>\n<p>H\u00f6he Hirtenfiguren ca 13 cm, geh\u00e4kelt mit H\u00e4kelnadel 2,5<\/p>\n","protected":false},"featured_media":115598,"comment_status":"open","ping_status":"closed","template":"","meta":[],"product_brand":[],"product_cat":[499],"product_tag":[484,771,772,500,602],"class_list":{"0":"post-115593","1":"product","2":"type-product","3":"status-publish","4":"has-post-thumbnail","6":"product_cat-weihnachten-2","7":"product_tag-dezember","8":"product_tag-hirten","9":"product_tag-schaf","10":"product_tag-weihnachten","11":"product_tag-weihnachtskrippe","13":"first","14":"instock","15":"downloadable","16":"virtual","17":"taxable","18":"purchasable","19":"product-type-simple"},"_links":{"self":[{"href":"https:\/\/christelkrukkert.nl\/de\/wp-json\/wp\/v2\/product\/115593","targetHints":{"allow":["GET"]}}],"collection":[{"href":"https:\/\/christelkrukkert.nl\/de\/wp-json\/wp\/v2\/product"}],"about":[{"href":"https:\/\/christelkrukkert.nl\/de\/wp-json\/wp\/v2\/types\/product"}],"replies":[{"embeddable":true,"href":"https:\/\/christelkrukkert.nl\/de\/wp-json\/wp\/v2\/comments?post=115593"}],"wp:featuredmedia":[{"embeddable":true,"href":"https:\/\/christelkrukkert.nl\/de\/wp-json\/wp\/v2\/media\/115598"}],"wp:attachment":[{"href":"https:\/\/christelkrukkert.nl\/de\/wp-json\/wp\/v2\/media?parent=115593"}],"wp:term":[{"taxonomy":"product_brand","embeddable":true,"href":"https:\/\/christelkrukkert.nl\/de\/wp-json\/wp\/v2\/product_brand?post=115593"},{"taxonomy":"product_cat","embeddable":true,"href":"https:\/\/christelkrukkert.nl\/de\/wp-json\/wp\/v2\/product_cat?post=115593"},{"taxonomy":"product_tag","embeddable":true,"href":"https:\/\/christelkrukkert.nl\/de\/wp-json\/wp\/v2\/product_tag?post=115593"}],"curies":[{"name":"wp","href":"https:\/\/api.w.org\/{rel}","templated":true}]}}