{"id":115690,"date":"2015-12-07T10:43:59","date_gmt":"2015-12-07T10:43:59","guid":{"rendered":"https:\/\/christelkrukkert.nl\/product\/schlammtank\/"},"modified":"2026-02-27T12:22:26","modified_gmt":"2026-02-27T11:22:26","slug":"schlammtank","status":"publish","type":"product","link":"https:\/\/christelkrukkert.nl\/de\/produkt\/schlammtank\/","title":{"rendered":"G\u00fclletank"},"content":{"rendered":"","protected":false},"excerpt":{"rendered":"<p>Bitte beachten Sie: Dies ist nur das Muster f\u00fcr den G\u00fclletank, nicht f\u00fcr den Landwirt mit Traktor!<\/p>\n<p>Anleitung auf Deutsch<\/p>\n<p>L\u00e4nge ca 15 cm, geh\u00e4kelt mit H\u00e4kelnadel 2.5<\/p>\n","protected":false},"featured_media":115692,"comment_status":"open","ping_status":"closed","template":"","meta":[],"product_brand":[],"product_cat":[618],"product_tag":[],"class_list":{"0":"post-115690","1":"product","2":"type-product","3":"status-publish","4":"has-post-thumbnail","6":"product_cat-bauernhof","8":"first","9":"instock","10":"downloadable","11":"virtual","12":"taxable","13":"purchasable","14":"product-type-simple"},"_links":{"self":[{"href":"https:\/\/christelkrukkert.nl\/de\/wp-json\/wp\/v2\/product\/115690","targetHints":{"allow":["GET"]}}],"collection":[{"href":"https:\/\/christelkrukkert.nl\/de\/wp-json\/wp\/v2\/product"}],"about":[{"href":"https:\/\/christelkrukkert.nl\/de\/wp-json\/wp\/v2\/types\/product"}],"replies":[{"embeddable":true,"href":"https:\/\/christelkrukkert.nl\/de\/wp-json\/wp\/v2\/comments?post=115690"}],"wp:featuredmedia":[{"embeddable":true,"href":"https:\/\/christelkrukkert.nl\/de\/wp-json\/wp\/v2\/media\/115692"}],"wp:attachment":[{"href":"https:\/\/christelkrukkert.nl\/de\/wp-json\/wp\/v2\/media?parent=115690"}],"wp:term":[{"taxonomy":"product_brand","embeddable":true,"href":"https:\/\/christelkrukkert.nl\/de\/wp-json\/wp\/v2\/product_brand?post=115690"},{"taxonomy":"product_cat","embeddable":true,"href":"https:\/\/christelkrukkert.nl\/de\/wp-json\/wp\/v2\/product_cat?post=115690"},{"taxonomy":"product_tag","embeddable":true,"href":"https:\/\/christelkrukkert.nl\/de\/wp-json\/wp\/v2\/product_tag?post=115690"}],"curies":[{"name":"wp","href":"https:\/\/api.w.org\/{rel}","templated":true}]}}