{"id":115977,"date":"2016-01-19T11:15:40","date_gmt":"2016-01-19T11:15:40","guid":{"rendered":"https:\/\/christelkrukkert.nl\/product\/familie-kip\/"},"modified":"2026-02-24T11:05:03","modified_gmt":"2026-02-24T10:05:03","slug":"familie-kip","status":"publish","type":"product","link":"https:\/\/christelkrukkert.nl\/de\/produkt\/familie-kip\/","title":{"rendered":"H\u00fchnerfamilie"},"content":{"rendered":"","protected":false},"excerpt":{"rendered":"<p>Ach, der arme Hahn! Er scheint mit seinem kratzigen Schal gar nicht gl\u00fccklich zu sein. Und ich bin mir auch nicht so sicher, wie es den Kleinen geht. Aber hey, versuch das mal deiner strickverr\u00fcckten Frau zu erz\u00e4hlen. Das gibt bestimmt einen Riesenaufstand im H\u00fchnerstall!<\/p>\n<p>Die H\u00f6he von Hahn und Huhn betr\u00e4gt etwa 15 cm und wurde mit einer H\u00e4kelnadel Nr. 2,5 geh\u00e4kelt.<\/p>\n<p>Das Muster \u201eH\u00fchnerfamilie\u201c umfasst K\u00fcken, Eier und Winteraccessoires.<\/p>\n<p>Anleitung auf Deutsch<\/p>\n","protected":false},"featured_media":115982,"comment_status":"open","ping_status":"closed","template":"","meta":[],"product_brand":[],"product_cat":[473,791],"product_tag":[],"class_list":{"0":"post-115977","1":"product","2":"type-product","3":"status-publish","4":"has-post-thumbnail","6":"product_cat-ostern","7":"product_cat-vogel","9":"first","10":"instock","11":"downloadable","12":"virtual","13":"taxable","14":"purchasable","15":"product-type-simple"},"_links":{"self":[{"href":"https:\/\/christelkrukkert.nl\/de\/wp-json\/wp\/v2\/product\/115977","targetHints":{"allow":["GET"]}}],"collection":[{"href":"https:\/\/christelkrukkert.nl\/de\/wp-json\/wp\/v2\/product"}],"about":[{"href":"https:\/\/christelkrukkert.nl\/de\/wp-json\/wp\/v2\/types\/product"}],"replies":[{"embeddable":true,"href":"https:\/\/christelkrukkert.nl\/de\/wp-json\/wp\/v2\/comments?post=115977"}],"wp:featuredmedia":[{"embeddable":true,"href":"https:\/\/christelkrukkert.nl\/de\/wp-json\/wp\/v2\/media\/115982"}],"wp:attachment":[{"href":"https:\/\/christelkrukkert.nl\/de\/wp-json\/wp\/v2\/media?parent=115977"}],"wp:term":[{"taxonomy":"product_brand","embeddable":true,"href":"https:\/\/christelkrukkert.nl\/de\/wp-json\/wp\/v2\/product_brand?post=115977"},{"taxonomy":"product_cat","embeddable":true,"href":"https:\/\/christelkrukkert.nl\/de\/wp-json\/wp\/v2\/product_cat?post=115977"},{"taxonomy":"product_tag","embeddable":true,"href":"https:\/\/christelkrukkert.nl\/de\/wp-json\/wp\/v2\/product_tag?post=115977"}],"curies":[{"name":"wp","href":"https:\/\/api.w.org\/{rel}","templated":true}]}}