{"id":116006,"date":"2016-01-20T10:12:34","date_gmt":"2016-01-20T10:12:34","guid":{"rendered":"https:\/\/christelkrukkert.nl\/product\/pip\/"},"modified":"2026-02-27T10:15:00","modified_gmt":"2026-02-27T09:15:00","slug":"pip","status":"publish","type":"product","link":"https:\/\/christelkrukkert.nl\/de\/produkt\/pip\/","title":{"rendered":"Pip"},"content":{"rendered":"<div class=\"wpb-content-wrapper\"><p>[vc_row][vc_column][\/vc_column][\/vc_row]<\/p>\n<\/div>","protected":false},"excerpt":{"rendered":"<p>Anleitung auf Deutsch<\/p>\n<p>H\u00f6he ca. 16 cm, geh\u00e4kelt mit H\u00e4kelnadel Nr. 2,5<\/p>\n","protected":false},"featured_media":116008,"comment_status":"open","ping_status":"closed","template":"","meta":[],"product_brand":[],"product_cat":[791],"product_tag":[],"class_list":{"0":"post-116006","1":"product","2":"type-product","3":"status-publish","4":"has-post-thumbnail","6":"product_cat-vogel","8":"first","9":"instock","10":"downloadable","11":"virtual","12":"taxable","13":"purchasable","14":"product-type-simple"},"_links":{"self":[{"href":"https:\/\/christelkrukkert.nl\/de\/wp-json\/wp\/v2\/product\/116006","targetHints":{"allow":["GET"]}}],"collection":[{"href":"https:\/\/christelkrukkert.nl\/de\/wp-json\/wp\/v2\/product"}],"about":[{"href":"https:\/\/christelkrukkert.nl\/de\/wp-json\/wp\/v2\/types\/product"}],"replies":[{"embeddable":true,"href":"https:\/\/christelkrukkert.nl\/de\/wp-json\/wp\/v2\/comments?post=116006"}],"wp:featuredmedia":[{"embeddable":true,"href":"https:\/\/christelkrukkert.nl\/de\/wp-json\/wp\/v2\/media\/116008"}],"wp:attachment":[{"href":"https:\/\/christelkrukkert.nl\/de\/wp-json\/wp\/v2\/media?parent=116006"}],"wp:term":[{"taxonomy":"product_brand","embeddable":true,"href":"https:\/\/christelkrukkert.nl\/de\/wp-json\/wp\/v2\/product_brand?post=116006"},{"taxonomy":"product_cat","embeddable":true,"href":"https:\/\/christelkrukkert.nl\/de\/wp-json\/wp\/v2\/product_cat?post=116006"},{"taxonomy":"product_tag","embeddable":true,"href":"https:\/\/christelkrukkert.nl\/de\/wp-json\/wp\/v2\/product_tag?post=116006"}],"curies":[{"name":"wp","href":"https:\/\/api.w.org\/{rel}","templated":true}]}}