{"id":116090,"date":"2016-01-22T12:42:03","date_gmt":"2016-01-22T12:42:03","guid":{"rendered":"https:\/\/christelkrukkert.nl\/product\/prinzessinnen\/"},"modified":"2026-02-24T11:10:25","modified_gmt":"2026-02-24T10:10:25","slug":"prinzessinnen","status":"publish","type":"product","link":"https:\/\/christelkrukkert.nl\/de\/produkt\/prinzessinnen\/","title":{"rendered":"Prinzessinnen"},"content":{"rendered":"","protected":false},"excerpt":{"rendered":"<p>Die Prinzessinnen sind ungef\u00e4hr 12 cm gro\u00df und wurden mit einer 2,5 mm H\u00e4kelnadel geh\u00e4kelt.<\/p>\n","protected":false},"featured_media":116091,"comment_status":"open","ping_status":"closed","template":"","meta":[],"product_brand":[],"product_cat":[794,512],"product_tag":[],"class_list":{"0":"post-116090","1":"product","2":"type-product","3":"status-publish","4":"has-post-thumbnail","6":"product_cat-kleine-spielzeuge","7":"product_cat-spielzeug","9":"first","10":"instock","11":"downloadable","12":"virtual","13":"taxable","14":"purchasable","15":"product-type-simple"},"_links":{"self":[{"href":"https:\/\/christelkrukkert.nl\/de\/wp-json\/wp\/v2\/product\/116090","targetHints":{"allow":["GET"]}}],"collection":[{"href":"https:\/\/christelkrukkert.nl\/de\/wp-json\/wp\/v2\/product"}],"about":[{"href":"https:\/\/christelkrukkert.nl\/de\/wp-json\/wp\/v2\/types\/product"}],"replies":[{"embeddable":true,"href":"https:\/\/christelkrukkert.nl\/de\/wp-json\/wp\/v2\/comments?post=116090"}],"wp:featuredmedia":[{"embeddable":true,"href":"https:\/\/christelkrukkert.nl\/de\/wp-json\/wp\/v2\/media\/116091"}],"wp:attachment":[{"href":"https:\/\/christelkrukkert.nl\/de\/wp-json\/wp\/v2\/media?parent=116090"}],"wp:term":[{"taxonomy":"product_brand","embeddable":true,"href":"https:\/\/christelkrukkert.nl\/de\/wp-json\/wp\/v2\/product_brand?post=116090"},{"taxonomy":"product_cat","embeddable":true,"href":"https:\/\/christelkrukkert.nl\/de\/wp-json\/wp\/v2\/product_cat?post=116090"},{"taxonomy":"product_tag","embeddable":true,"href":"https:\/\/christelkrukkert.nl\/de\/wp-json\/wp\/v2\/product_tag?post=116090"}],"curies":[{"name":"wp","href":"https:\/\/api.w.org\/{rel}","templated":true}]}}