{"id":116099,"date":"2016-02-03T13:29:56","date_gmt":"2016-02-03T13:29:56","guid":{"rendered":"https:\/\/christelkrukkert.nl\/product\/osterhase-mit-korb\/"},"modified":"2026-02-24T11:00:09","modified_gmt":"2026-02-24T10:00:09","slug":"osterhase-mit-korb","status":"publish","type":"product","link":"https:\/\/christelkrukkert.nl\/de\/produkt\/osterhase-mit-korb\/","title":{"rendered":"Osterhase mit Korb"},"content":{"rendered":"","protected":false},"excerpt":{"rendered":"<p>Dieser Hase passt wirklich gerne auf deine Schokoladeneier auf.<\/p>\n<p>Der Osterhase ist ungef\u00e4hr 14 cm hoch und wurde mit einer H\u00e4kelnadel Nr. 2,5 geh\u00e4kelt.<\/p>\n<p>Korbdurchmesser ca. 8 cm<\/p>\n<p>Anleitung auf Deutsch<\/p>\n","protected":false},"featured_media":116104,"comment_status":"open","ping_status":"closed","template":"","meta":[],"product_brand":[],"product_cat":[473],"product_tag":[],"class_list":{"0":"post-116099","1":"product","2":"type-product","3":"status-publish","4":"has-post-thumbnail","6":"product_cat-ostern","8":"first","9":"instock","10":"downloadable","11":"virtual","12":"taxable","13":"purchasable","14":"product-type-simple"},"_links":{"self":[{"href":"https:\/\/christelkrukkert.nl\/de\/wp-json\/wp\/v2\/product\/116099","targetHints":{"allow":["GET"]}}],"collection":[{"href":"https:\/\/christelkrukkert.nl\/de\/wp-json\/wp\/v2\/product"}],"about":[{"href":"https:\/\/christelkrukkert.nl\/de\/wp-json\/wp\/v2\/types\/product"}],"replies":[{"embeddable":true,"href":"https:\/\/christelkrukkert.nl\/de\/wp-json\/wp\/v2\/comments?post=116099"}],"wp:featuredmedia":[{"embeddable":true,"href":"https:\/\/christelkrukkert.nl\/de\/wp-json\/wp\/v2\/media\/116104"}],"wp:attachment":[{"href":"https:\/\/christelkrukkert.nl\/de\/wp-json\/wp\/v2\/media?parent=116099"}],"wp:term":[{"taxonomy":"product_brand","embeddable":true,"href":"https:\/\/christelkrukkert.nl\/de\/wp-json\/wp\/v2\/product_brand?post=116099"},{"taxonomy":"product_cat","embeddable":true,"href":"https:\/\/christelkrukkert.nl\/de\/wp-json\/wp\/v2\/product_cat?post=116099"},{"taxonomy":"product_tag","embeddable":true,"href":"https:\/\/christelkrukkert.nl\/de\/wp-json\/wp\/v2\/product_tag?post=116099"}],"curies":[{"name":"wp","href":"https:\/\/api.w.org\/{rel}","templated":true}]}}