{"id":116143,"date":"2016-04-06T14:38:04","date_gmt":"2016-04-06T14:38:04","guid":{"rendered":"https:\/\/christelkrukkert.nl\/product\/jules\/"},"modified":"2026-02-24T11:47:17","modified_gmt":"2026-02-24T10:47:17","slug":"jules","status":"publish","type":"product","link":"https:\/\/christelkrukkert.nl\/de\/produkt\/jules\/","title":{"rendered":"Jules die Giraffe"},"content":{"rendered":"","protected":false},"excerpt":{"rendered":"<p>Jules ist etwa 34 cm gro\u00df (sitzend etwa 24 cm) und wurde mit einer H\u00e4kelnadel Nr. 2,5 geh\u00e4kelt.<\/p>\n<p>Anleitung auf Deutsch<\/p>\n","protected":false},"featured_media":116146,"comment_status":"open","ping_status":"closed","template":"","meta":[],"product_brand":[],"product_cat":[606],"product_tag":[],"class_list":{"0":"post-116143","1":"product","2":"type-product","3":"status-publish","4":"has-post-thumbnail","6":"product_cat-kuscheltiere-mit-kleidung","8":"first","9":"instock","10":"downloadable","11":"virtual","12":"taxable","13":"purchasable","14":"product-type-simple"},"_links":{"self":[{"href":"https:\/\/christelkrukkert.nl\/de\/wp-json\/wp\/v2\/product\/116143","targetHints":{"allow":["GET"]}}],"collection":[{"href":"https:\/\/christelkrukkert.nl\/de\/wp-json\/wp\/v2\/product"}],"about":[{"href":"https:\/\/christelkrukkert.nl\/de\/wp-json\/wp\/v2\/types\/product"}],"replies":[{"embeddable":true,"href":"https:\/\/christelkrukkert.nl\/de\/wp-json\/wp\/v2\/comments?post=116143"}],"wp:featuredmedia":[{"embeddable":true,"href":"https:\/\/christelkrukkert.nl\/de\/wp-json\/wp\/v2\/media\/116146"}],"wp:attachment":[{"href":"https:\/\/christelkrukkert.nl\/de\/wp-json\/wp\/v2\/media?parent=116143"}],"wp:term":[{"taxonomy":"product_brand","embeddable":true,"href":"https:\/\/christelkrukkert.nl\/de\/wp-json\/wp\/v2\/product_brand?post=116143"},{"taxonomy":"product_cat","embeddable":true,"href":"https:\/\/christelkrukkert.nl\/de\/wp-json\/wp\/v2\/product_cat?post=116143"},{"taxonomy":"product_tag","embeddable":true,"href":"https:\/\/christelkrukkert.nl\/de\/wp-json\/wp\/v2\/product_tag?post=116143"}],"curies":[{"name":"wp","href":"https:\/\/api.w.org\/{rel}","templated":true}]}}