{"id":116169,"date":"2016-06-17T12:25:36","date_gmt":"2016-06-17T12:25:36","guid":{"rendered":"https:\/\/christelkrukkert.nl\/product\/stapelbaer\/"},"modified":"2026-02-24T11:08:05","modified_gmt":"2026-02-24T10:08:05","slug":"stapelbaer","status":"publish","type":"product","link":"https:\/\/christelkrukkert.nl\/de\/produkt\/stapelbaer\/","title":{"rendered":"Stapelb\u00e4r"},"content":{"rendered":"","protected":false},"excerpt":{"rendered":"<p>Die sch\u00f6nsten Geschenke zur Geburt sind liebevoll handgefertigt. Dieser hier ist nicht nur ein s\u00fc\u00dfer B\u00e4r, sondern dank seines K\u00f6rpers aus stapelbaren Ringen auch ein Lernspielzeug!<\/p>\n<p>Der Stapelb\u00e4r ist etwa 24 cm hoch und wurde mit einer H\u00e4kelnadel Nr. 2,5 geh\u00e4kelt.<\/p>\n","protected":false},"featured_media":116171,"comment_status":"open","ping_status":"closed","template":"","meta":[],"product_brand":[],"product_cat":[512,524],"product_tag":[],"class_list":{"0":"post-116169","1":"product","2":"type-product","3":"status-publish","4":"has-post-thumbnail","6":"product_cat-spielzeug","7":"product_cat-stapelturme-tiere","9":"first","10":"instock","11":"downloadable","12":"virtual","13":"taxable","14":"purchasable","15":"product-type-simple"},"_links":{"self":[{"href":"https:\/\/christelkrukkert.nl\/de\/wp-json\/wp\/v2\/product\/116169","targetHints":{"allow":["GET"]}}],"collection":[{"href":"https:\/\/christelkrukkert.nl\/de\/wp-json\/wp\/v2\/product"}],"about":[{"href":"https:\/\/christelkrukkert.nl\/de\/wp-json\/wp\/v2\/types\/product"}],"replies":[{"embeddable":true,"href":"https:\/\/christelkrukkert.nl\/de\/wp-json\/wp\/v2\/comments?post=116169"}],"wp:featuredmedia":[{"embeddable":true,"href":"https:\/\/christelkrukkert.nl\/de\/wp-json\/wp\/v2\/media\/116171"}],"wp:attachment":[{"href":"https:\/\/christelkrukkert.nl\/de\/wp-json\/wp\/v2\/media?parent=116169"}],"wp:term":[{"taxonomy":"product_brand","embeddable":true,"href":"https:\/\/christelkrukkert.nl\/de\/wp-json\/wp\/v2\/product_brand?post=116169"},{"taxonomy":"product_cat","embeddable":true,"href":"https:\/\/christelkrukkert.nl\/de\/wp-json\/wp\/v2\/product_cat?post=116169"},{"taxonomy":"product_tag","embeddable":true,"href":"https:\/\/christelkrukkert.nl\/de\/wp-json\/wp\/v2\/product_tag?post=116169"}],"curies":[{"name":"wp","href":"https:\/\/api.w.org\/{rel}","templated":true}]}}