{"id":116177,"date":"2016-04-18T15:06:54","date_gmt":"2016-04-18T15:06:54","guid":{"rendered":"https:\/\/christelkrukkert.nl\/product\/olivia\/"},"modified":"2026-02-24T11:47:54","modified_gmt":"2026-02-24T10:47:54","slug":"olivia","status":"publish","type":"product","link":"https:\/\/christelkrukkert.nl\/de\/produkt\/olivia\/","title":{"rendered":"Olivia der Elefant"},"content":{"rendered":"","protected":false},"excerpt":{"rendered":"<p>Olivia ist etwa 30 cm gro\u00df (sitzend etwa 20 cm) und wurde mit einer H\u00e4kelnadel Nr. 2,5 geh\u00e4kelt.<\/p>\n<p>Anleitung auf Deutsch<\/p>\n","protected":false},"featured_media":116178,"comment_status":"open","ping_status":"closed","template":"","meta":[],"product_brand":[],"product_cat":[606],"product_tag":[],"class_list":{"0":"post-116177","1":"product","2":"type-product","3":"status-publish","4":"has-post-thumbnail","6":"product_cat-kuscheltiere-mit-kleidung","8":"first","9":"instock","10":"downloadable","11":"virtual","12":"taxable","13":"purchasable","14":"product-type-simple"},"_links":{"self":[{"href":"https:\/\/christelkrukkert.nl\/de\/wp-json\/wp\/v2\/product\/116177","targetHints":{"allow":["GET"]}}],"collection":[{"href":"https:\/\/christelkrukkert.nl\/de\/wp-json\/wp\/v2\/product"}],"about":[{"href":"https:\/\/christelkrukkert.nl\/de\/wp-json\/wp\/v2\/types\/product"}],"replies":[{"embeddable":true,"href":"https:\/\/christelkrukkert.nl\/de\/wp-json\/wp\/v2\/comments?post=116177"}],"wp:featuredmedia":[{"embeddable":true,"href":"https:\/\/christelkrukkert.nl\/de\/wp-json\/wp\/v2\/media\/116178"}],"wp:attachment":[{"href":"https:\/\/christelkrukkert.nl\/de\/wp-json\/wp\/v2\/media?parent=116177"}],"wp:term":[{"taxonomy":"product_brand","embeddable":true,"href":"https:\/\/christelkrukkert.nl\/de\/wp-json\/wp\/v2\/product_brand?post=116177"},{"taxonomy":"product_cat","embeddable":true,"href":"https:\/\/christelkrukkert.nl\/de\/wp-json\/wp\/v2\/product_cat?post=116177"},{"taxonomy":"product_tag","embeddable":true,"href":"https:\/\/christelkrukkert.nl\/de\/wp-json\/wp\/v2\/product_tag?post=116177"}],"curies":[{"name":"wp","href":"https:\/\/api.w.org\/{rel}","templated":true}]}}