{"id":116196,"date":"2016-07-07T10:09:31","date_gmt":"2016-07-07T10:09:31","guid":{"rendered":"https:\/\/christelkrukkert.nl\/product\/erdbeer-und-obsttoertchen\/"},"modified":"2026-02-17T12:47:43","modified_gmt":"2026-02-17T11:47:43","slug":"erdbeer-und-obsttoertchen","status":"publish","type":"product","link":"https:\/\/christelkrukkert.nl\/de\/produkt\/erdbeer-und-obsttoertchen\/","title":{"rendered":"Erdbeer- und Obstt\u00f6rtchen"},"content":{"rendered":"<p>Kuchendurchmesser ca. 7 cm, Erdbeerschale ca. 10 cm, geh\u00e4kelt mit H\u00e4kelnadel 2,5<\/p>\n<p> Dieses Muster findet sich auch in der Brosch\u00fcre <a href=\"http:\/\/www.christelkrukkert.nl\/product\/high-tea-haken\/\">\u201eH\u00e4kel-High-Tea\u201c.<\/a> <\/p>\n","protected":false},"excerpt":{"rendered":"<p>Dieses Set enth\u00e4lt die Vorlagen f\u00fcr die 4 verschiedenen Obstt\u00f6rtchen, die Erdbeeren und die Sch\u00fcssel.<\/p>\n","protected":false},"featured_media":116200,"comment_status":"open","ping_status":"closed","template":"","meta":[],"product_brand":[],"product_cat":[798],"product_tag":[],"class_list":{"0":"post-116196","1":"product","2":"type-product","3":"status-publish","4":"has-post-thumbnail","6":"product_cat-high-tea","8":"first","9":"instock","10":"downloadable","11":"virtual","12":"taxable","13":"purchasable","14":"product-type-simple"},"_links":{"self":[{"href":"https:\/\/christelkrukkert.nl\/de\/wp-json\/wp\/v2\/product\/116196","targetHints":{"allow":["GET"]}}],"collection":[{"href":"https:\/\/christelkrukkert.nl\/de\/wp-json\/wp\/v2\/product"}],"about":[{"href":"https:\/\/christelkrukkert.nl\/de\/wp-json\/wp\/v2\/types\/product"}],"replies":[{"embeddable":true,"href":"https:\/\/christelkrukkert.nl\/de\/wp-json\/wp\/v2\/comments?post=116196"}],"wp:featuredmedia":[{"embeddable":true,"href":"https:\/\/christelkrukkert.nl\/de\/wp-json\/wp\/v2\/media\/116200"}],"wp:attachment":[{"href":"https:\/\/christelkrukkert.nl\/de\/wp-json\/wp\/v2\/media?parent=116196"}],"wp:term":[{"taxonomy":"product_brand","embeddable":true,"href":"https:\/\/christelkrukkert.nl\/de\/wp-json\/wp\/v2\/product_brand?post=116196"},{"taxonomy":"product_cat","embeddable":true,"href":"https:\/\/christelkrukkert.nl\/de\/wp-json\/wp\/v2\/product_cat?post=116196"},{"taxonomy":"product_tag","embeddable":true,"href":"https:\/\/christelkrukkert.nl\/de\/wp-json\/wp\/v2\/product_tag?post=116196"}],"curies":[{"name":"wp","href":"https:\/\/api.w.org\/{rel}","templated":true}]}}