{"id":116217,"date":"2016-07-07T10:34:33","date_gmt":"2016-07-07T10:34:33","guid":{"rendered":"https:\/\/christelkrukkert.nl\/product\/herzhafte-snacks\/"},"modified":"2026-02-24T11:38:13","modified_gmt":"2026-02-24T10:38:13","slug":"herzhafte-snacks","status":"publish","type":"product","link":"https:\/\/christelkrukkert.nl\/de\/produkt\/herzhafte-snacks\/","title":{"rendered":"Herzhafte Snacks"},"content":{"rendered":"","protected":false},"excerpt":{"rendered":"<p>Dieses Set enth\u00e4lt die Vorlagen f\u00fcr die 2 verschiedenen Sandwiches, die Quiche, den Teller, die Oliven und die Sch\u00fcssel.<\/p>\n<p>Die Sandwiches sind ca. 4 x 7 cm gro\u00df und wurden mit einer H\u00e4kelnadel Nr. 2,5 geh\u00e4kelt.<\/p>\n","protected":false},"featured_media":116222,"comment_status":"open","ping_status":"closed","template":"","meta":[],"product_brand":[],"product_cat":[798],"product_tag":[],"class_list":{"0":"post-116217","1":"product","2":"type-product","3":"status-publish","4":"has-post-thumbnail","6":"product_cat-high-tea","8":"first","9":"instock","10":"downloadable","11":"virtual","12":"taxable","13":"purchasable","14":"product-type-simple"},"_links":{"self":[{"href":"https:\/\/christelkrukkert.nl\/de\/wp-json\/wp\/v2\/product\/116217","targetHints":{"allow":["GET"]}}],"collection":[{"href":"https:\/\/christelkrukkert.nl\/de\/wp-json\/wp\/v2\/product"}],"about":[{"href":"https:\/\/christelkrukkert.nl\/de\/wp-json\/wp\/v2\/types\/product"}],"replies":[{"embeddable":true,"href":"https:\/\/christelkrukkert.nl\/de\/wp-json\/wp\/v2\/comments?post=116217"}],"wp:featuredmedia":[{"embeddable":true,"href":"https:\/\/christelkrukkert.nl\/de\/wp-json\/wp\/v2\/media\/116222"}],"wp:attachment":[{"href":"https:\/\/christelkrukkert.nl\/de\/wp-json\/wp\/v2\/media?parent=116217"}],"wp:term":[{"taxonomy":"product_brand","embeddable":true,"href":"https:\/\/christelkrukkert.nl\/de\/wp-json\/wp\/v2\/product_brand?post=116217"},{"taxonomy":"product_cat","embeddable":true,"href":"https:\/\/christelkrukkert.nl\/de\/wp-json\/wp\/v2\/product_cat?post=116217"},{"taxonomy":"product_tag","embeddable":true,"href":"https:\/\/christelkrukkert.nl\/de\/wp-json\/wp\/v2\/product_tag?post=116217"}],"curies":[{"name":"wp","href":"https:\/\/api.w.org\/{rel}","templated":true}]}}