{"id":116237,"date":"2016-07-07T10:52:33","date_gmt":"2016-07-07T10:52:33","guid":{"rendered":"https:\/\/christelkrukkert.nl\/product\/kekse-und-suessigkeiten\/"},"modified":"2026-02-24T11:35:23","modified_gmt":"2026-02-24T10:35:23","slug":"kekse-und-suessigkeiten","status":"publish","type":"product","link":"https:\/\/christelkrukkert.nl\/de\/produkt\/kekse-und-suessigkeiten\/","title":{"rendered":"Kekse und S\u00fc\u00dfigkeiten"},"content":{"rendered":"","protected":false},"excerpt":{"rendered":"<p>Dieses Set enth\u00e4lt die Anleitungen f\u00fcr alle auf dem Foto abgebildeten H\u00e4kelarbeiten.<\/p>\n<p>Die Pralinen haben einen Durchmesser von ca. 4 cm, die Cupcakes sind ca. 9 cm hoch, geh\u00e4kelt mit einer H\u00e4kelnadel Nr. 2,5.<\/p>\n<p>Anleitung auf Deutsch<\/p>\n","protected":false},"featured_media":116239,"comment_status":"open","ping_status":"closed","template":"","meta":[],"product_brand":[],"product_cat":[798],"product_tag":[],"class_list":{"0":"post-116237","1":"product","2":"type-product","3":"status-publish","4":"has-post-thumbnail","6":"product_cat-high-tea","8":"first","9":"instock","10":"downloadable","11":"virtual","12":"taxable","13":"purchasable","14":"product-type-simple"},"_links":{"self":[{"href":"https:\/\/christelkrukkert.nl\/de\/wp-json\/wp\/v2\/product\/116237","targetHints":{"allow":["GET"]}}],"collection":[{"href":"https:\/\/christelkrukkert.nl\/de\/wp-json\/wp\/v2\/product"}],"about":[{"href":"https:\/\/christelkrukkert.nl\/de\/wp-json\/wp\/v2\/types\/product"}],"replies":[{"embeddable":true,"href":"https:\/\/christelkrukkert.nl\/de\/wp-json\/wp\/v2\/comments?post=116237"}],"wp:featuredmedia":[{"embeddable":true,"href":"https:\/\/christelkrukkert.nl\/de\/wp-json\/wp\/v2\/media\/116239"}],"wp:attachment":[{"href":"https:\/\/christelkrukkert.nl\/de\/wp-json\/wp\/v2\/media?parent=116237"}],"wp:term":[{"taxonomy":"product_brand","embeddable":true,"href":"https:\/\/christelkrukkert.nl\/de\/wp-json\/wp\/v2\/product_brand?post=116237"},{"taxonomy":"product_cat","embeddable":true,"href":"https:\/\/christelkrukkert.nl\/de\/wp-json\/wp\/v2\/product_cat?post=116237"},{"taxonomy":"product_tag","embeddable":true,"href":"https:\/\/christelkrukkert.nl\/de\/wp-json\/wp\/v2\/product_tag?post=116237"}],"curies":[{"name":"wp","href":"https:\/\/api.w.org\/{rel}","templated":true}]}}