{"id":116258,"date":"2016-07-08T08:15:41","date_gmt":"2016-07-08T08:15:41","guid":{"rendered":"https:\/\/christelkrukkert.nl\/product\/sushi-set\/"},"modified":"2026-02-24T11:32:27","modified_gmt":"2026-02-24T10:32:27","slug":"sushi-set","status":"publish","type":"product","link":"https:\/\/christelkrukkert.nl\/de\/produkt\/sushi-set\/","title":{"rendered":"Sushi-Set"},"content":{"rendered":"<p>Sojasaucenflasche ca. 14 cm hoch, Teller ca. 20 cm x 12 cm gro\u00df, geh\u00e4kelt mit H\u00e4kelnadel 2,5<\/p>\n<p>Dieses Muster findet sich auch in der Brosch\u00fcre <a href=\"http:\/\/www.christelkrukkert.nl\/product\/high-tea-haken\/\">\u201eH\u00e4kel-High-Tea\u201c.<\/a><\/p>\n","protected":false},"excerpt":{"rendered":"<p>Dieses Set enth\u00e4lt die Schnittmuster f\u00fcr alle auf dem Foto abgebildeten Artikel.<\/p>\n<p>Sojasaucenflasche ca. 14 cm hoch, Teller ca. 20 cm x 12 cm gro\u00df, geh\u00e4kelt mit H\u00e4kelnadel 2,5<\/p>\n<p>Anleitung auf Deutsch<\/p>\n","protected":false},"featured_media":116259,"comment_status":"open","ping_status":"closed","template":"","meta":[],"product_brand":[],"product_cat":[541,475],"product_tag":[],"class_list":{"0":"post-116258","1":"product","2":"type-product","3":"status-publish","4":"has-post-thumbnail","6":"product_cat-andere-2","7":"product_cat-muster","9":"first","10":"instock","11":"downloadable","12":"virtual","13":"taxable","14":"purchasable","15":"product-type-simple"},"_links":{"self":[{"href":"https:\/\/christelkrukkert.nl\/de\/wp-json\/wp\/v2\/product\/116258","targetHints":{"allow":["GET"]}}],"collection":[{"href":"https:\/\/christelkrukkert.nl\/de\/wp-json\/wp\/v2\/product"}],"about":[{"href":"https:\/\/christelkrukkert.nl\/de\/wp-json\/wp\/v2\/types\/product"}],"replies":[{"embeddable":true,"href":"https:\/\/christelkrukkert.nl\/de\/wp-json\/wp\/v2\/comments?post=116258"}],"wp:featuredmedia":[{"embeddable":true,"href":"https:\/\/christelkrukkert.nl\/de\/wp-json\/wp\/v2\/media\/116259"}],"wp:attachment":[{"href":"https:\/\/christelkrukkert.nl\/de\/wp-json\/wp\/v2\/media?parent=116258"}],"wp:term":[{"taxonomy":"product_brand","embeddable":true,"href":"https:\/\/christelkrukkert.nl\/de\/wp-json\/wp\/v2\/product_brand?post=116258"},{"taxonomy":"product_cat","embeddable":true,"href":"https:\/\/christelkrukkert.nl\/de\/wp-json\/wp\/v2\/product_cat?post=116258"},{"taxonomy":"product_tag","embeddable":true,"href":"https:\/\/christelkrukkert.nl\/de\/wp-json\/wp\/v2\/product_tag?post=116258"}],"curies":[{"name":"wp","href":"https:\/\/api.w.org\/{rel}","templated":true}]}}