{"id":116263,"date":"2016-09-21T11:00:30","date_gmt":"2016-09-21T11:00:30","guid":{"rendered":"https:\/\/christelkrukkert.nl\/product\/high-tea-set-komplett\/"},"modified":"2026-02-24T11:26:53","modified_gmt":"2026-02-24T10:26:53","slug":"high-tea-set-komplett","status":"publish","type":"product","link":"https:\/\/christelkrukkert.nl\/de\/produkt\/high-tea-set-komplett\/","title":{"rendered":"High Tea Set komplett"},"content":{"rendered":"","protected":false},"excerpt":{"rendered":"<p>Dieses Set enth\u00e4lt alle Vorlagen f\u00fcr das Teeservice, Erdbeeren und Sandt\u00f6rtchen, Kekse und Pralinen sowie herzhafte Snacks.<\/p>\n<p>H\u00f6he der Teekanne: ca. 16 cm, geh\u00e4kelt mit einer 2,5 mm H\u00e4kelnadel<\/p>\n<p>Anleitung auf Deutsch<\/p>\n","protected":false},"featured_media":116264,"comment_status":"open","ping_status":"closed","template":"","meta":[],"product_brand":[],"product_cat":[798],"product_tag":[],"class_list":{"0":"post-116263","1":"product","2":"type-product","3":"status-publish","4":"has-post-thumbnail","6":"product_cat-high-tea","8":"first","9":"instock","10":"downloadable","11":"virtual","12":"taxable","13":"purchasable","14":"product-type-simple"},"_links":{"self":[{"href":"https:\/\/christelkrukkert.nl\/de\/wp-json\/wp\/v2\/product\/116263","targetHints":{"allow":["GET"]}}],"collection":[{"href":"https:\/\/christelkrukkert.nl\/de\/wp-json\/wp\/v2\/product"}],"about":[{"href":"https:\/\/christelkrukkert.nl\/de\/wp-json\/wp\/v2\/types\/product"}],"replies":[{"embeddable":true,"href":"https:\/\/christelkrukkert.nl\/de\/wp-json\/wp\/v2\/comments?post=116263"}],"wp:featuredmedia":[{"embeddable":true,"href":"https:\/\/christelkrukkert.nl\/de\/wp-json\/wp\/v2\/media\/116264"}],"wp:attachment":[{"href":"https:\/\/christelkrukkert.nl\/de\/wp-json\/wp\/v2\/media?parent=116263"}],"wp:term":[{"taxonomy":"product_brand","embeddable":true,"href":"https:\/\/christelkrukkert.nl\/de\/wp-json\/wp\/v2\/product_brand?post=116263"},{"taxonomy":"product_cat","embeddable":true,"href":"https:\/\/christelkrukkert.nl\/de\/wp-json\/wp\/v2\/product_cat?post=116263"},{"taxonomy":"product_tag","embeddable":true,"href":"https:\/\/christelkrukkert.nl\/de\/wp-json\/wp\/v2\/product_tag?post=116263"}],"curies":[{"name":"wp","href":"https:\/\/api.w.org\/{rel}","templated":true}]}}