{"id":116286,"date":"2016-09-23T09:55:48","date_gmt":"2016-09-23T09:55:48","guid":{"rendered":"https:\/\/christelkrukkert.nl\/product\/boris\/"},"modified":"2026-02-24T11:21:30","modified_gmt":"2026-02-24T10:21:30","slug":"boris","status":"publish","type":"product","link":"https:\/\/christelkrukkert.nl\/de\/produkt\/boris\/","title":{"rendered":"Boris der B\u00e4r"},"content":{"rendered":"","protected":false},"excerpt":{"rendered":"<p>Boris ist ungef\u00e4hr 29 cm gro\u00df (sitzend ca. 19 cm) und wurde mit einer 2,5 mm H\u00e4kelnadel geh\u00e4kelt.<\/p>\n<p>Anleitung auf Deutsch<\/p>\n","protected":false},"featured_media":116288,"comment_status":"open","ping_status":"closed","template":"","meta":[],"product_brand":[],"product_cat":[606],"product_tag":[],"class_list":{"0":"post-116286","1":"product","2":"type-product","3":"status-publish","4":"has-post-thumbnail","6":"product_cat-kuscheltiere-mit-kleidung","8":"first","9":"instock","10":"downloadable","11":"virtual","12":"taxable","13":"purchasable","14":"product-type-simple"},"_links":{"self":[{"href":"https:\/\/christelkrukkert.nl\/de\/wp-json\/wp\/v2\/product\/116286","targetHints":{"allow":["GET"]}}],"collection":[{"href":"https:\/\/christelkrukkert.nl\/de\/wp-json\/wp\/v2\/product"}],"about":[{"href":"https:\/\/christelkrukkert.nl\/de\/wp-json\/wp\/v2\/types\/product"}],"replies":[{"embeddable":true,"href":"https:\/\/christelkrukkert.nl\/de\/wp-json\/wp\/v2\/comments?post=116286"}],"wp:featuredmedia":[{"embeddable":true,"href":"https:\/\/christelkrukkert.nl\/de\/wp-json\/wp\/v2\/media\/116288"}],"wp:attachment":[{"href":"https:\/\/christelkrukkert.nl\/de\/wp-json\/wp\/v2\/media?parent=116286"}],"wp:term":[{"taxonomy":"product_brand","embeddable":true,"href":"https:\/\/christelkrukkert.nl\/de\/wp-json\/wp\/v2\/product_brand?post=116286"},{"taxonomy":"product_cat","embeddable":true,"href":"https:\/\/christelkrukkert.nl\/de\/wp-json\/wp\/v2\/product_cat?post=116286"},{"taxonomy":"product_tag","embeddable":true,"href":"https:\/\/christelkrukkert.nl\/de\/wp-json\/wp\/v2\/product_tag?post=116286"}],"curies":[{"name":"wp","href":"https:\/\/api.w.org\/{rel}","templated":true}]}}