{"id":116306,"date":"2016-09-23T10:51:29","date_gmt":"2016-09-23T10:51:29","guid":{"rendered":"https:\/\/christelkrukkert.nl\/product\/september\/"},"modified":"2026-02-24T11:19:02","modified_gmt":"2026-02-24T10:19:02","slug":"september","status":"publish","type":"product","link":"https:\/\/christelkrukkert.nl\/de\/produkt\/september\/","title":{"rendered":"Sep"},"content":{"rendered":"","protected":false},"excerpt":{"rendered":"<p>Sep ist ein echtes Zebra. Und echte Zebras schlafen nat\u00fcrlich niemals ohne ihren gestreiften Schlafanzug!<\/p>\n<p>Sep erreicht eine H\u00f6he von etwa 35 cm (sitzend ca. 23 cm) und wird mit einer 2,5 mm H\u00e4kelnadel geh\u00e4kelt.<\/p>\n","protected":false},"featured_media":116308,"comment_status":"open","ping_status":"closed","template":"","meta":[],"product_brand":[],"product_cat":[606],"product_tag":[],"class_list":{"0":"post-116306","1":"product","2":"type-product","3":"status-publish","4":"has-post-thumbnail","6":"product_cat-kuscheltiere-mit-kleidung","8":"first","9":"instock","10":"downloadable","11":"virtual","12":"taxable","13":"purchasable","14":"product-type-simple"},"_links":{"self":[{"href":"https:\/\/christelkrukkert.nl\/de\/wp-json\/wp\/v2\/product\/116306","targetHints":{"allow":["GET"]}}],"collection":[{"href":"https:\/\/christelkrukkert.nl\/de\/wp-json\/wp\/v2\/product"}],"about":[{"href":"https:\/\/christelkrukkert.nl\/de\/wp-json\/wp\/v2\/types\/product"}],"replies":[{"embeddable":true,"href":"https:\/\/christelkrukkert.nl\/de\/wp-json\/wp\/v2\/comments?post=116306"}],"wp:featuredmedia":[{"embeddable":true,"href":"https:\/\/christelkrukkert.nl\/de\/wp-json\/wp\/v2\/media\/116308"}],"wp:attachment":[{"href":"https:\/\/christelkrukkert.nl\/de\/wp-json\/wp\/v2\/media?parent=116306"}],"wp:term":[{"taxonomy":"product_brand","embeddable":true,"href":"https:\/\/christelkrukkert.nl\/de\/wp-json\/wp\/v2\/product_brand?post=116306"},{"taxonomy":"product_cat","embeddable":true,"href":"https:\/\/christelkrukkert.nl\/de\/wp-json\/wp\/v2\/product_cat?post=116306"},{"taxonomy":"product_tag","embeddable":true,"href":"https:\/\/christelkrukkert.nl\/de\/wp-json\/wp\/v2\/product_tag?post=116306"}],"curies":[{"name":"wp","href":"https:\/\/api.w.org\/{rel}","templated":true}]}}