{"id":116342,"date":"2016-11-06T14:30:18","date_gmt":"2016-11-06T14:30:18","guid":{"rendered":"https:\/\/christelkrukkert.nl\/product\/rentier-mit-kerze\/"},"modified":"2026-02-24T11:15:00","modified_gmt":"2026-02-24T10:15:00","slug":"rentier-mit-kerze","status":"publish","type":"product","link":"https:\/\/christelkrukkert.nl\/de\/produkt\/rentier-mit-kerze\/","title":{"rendered":"Rentier mit Kerze"},"content":{"rendered":"","protected":false},"excerpt":{"rendered":"<p>Das Rentier ist ungef\u00e4hr 16 cm hoch und wurde mit einer 2,5 mm H\u00e4kelnadel geh\u00e4kelt.<\/p>\n<p>Anleitung auf Deutsch<\/p>\n","protected":false},"featured_media":116345,"comment_status":"open","ping_status":"closed","template":"","meta":[],"product_brand":[],"product_cat":[475,499],"product_tag":[484,773,501,500],"class_list":{"0":"post-116342","1":"product","2":"type-product","3":"status-publish","4":"has-post-thumbnail","6":"product_cat-muster","7":"product_cat-weihnachten-2","8":"product_tag-dezember","9":"product_tag-kerze","10":"product_tag-ren","11":"product_tag-weihnachten","13":"first","14":"instock","15":"downloadable","16":"virtual","17":"taxable","18":"purchasable","19":"product-type-simple"},"_links":{"self":[{"href":"https:\/\/christelkrukkert.nl\/de\/wp-json\/wp\/v2\/product\/116342","targetHints":{"allow":["GET"]}}],"collection":[{"href":"https:\/\/christelkrukkert.nl\/de\/wp-json\/wp\/v2\/product"}],"about":[{"href":"https:\/\/christelkrukkert.nl\/de\/wp-json\/wp\/v2\/types\/product"}],"replies":[{"embeddable":true,"href":"https:\/\/christelkrukkert.nl\/de\/wp-json\/wp\/v2\/comments?post=116342"}],"wp:featuredmedia":[{"embeddable":true,"href":"https:\/\/christelkrukkert.nl\/de\/wp-json\/wp\/v2\/media\/116345"}],"wp:attachment":[{"href":"https:\/\/christelkrukkert.nl\/de\/wp-json\/wp\/v2\/media?parent=116342"}],"wp:term":[{"taxonomy":"product_brand","embeddable":true,"href":"https:\/\/christelkrukkert.nl\/de\/wp-json\/wp\/v2\/product_brand?post=116342"},{"taxonomy":"product_cat","embeddable":true,"href":"https:\/\/christelkrukkert.nl\/de\/wp-json\/wp\/v2\/product_cat?post=116342"},{"taxonomy":"product_tag","embeddable":true,"href":"https:\/\/christelkrukkert.nl\/de\/wp-json\/wp\/v2\/product_tag?post=116342"}],"curies":[{"name":"wp","href":"https:\/\/api.w.org\/{rel}","templated":true}]}}