{"id":116350,"date":"2017-01-23T11:46:41","date_gmt":"2017-01-23T11:46:41","guid":{"rendered":"https:\/\/christelkrukkert.nl\/product\/kranz-mit-kerzen\/"},"modified":"2026-02-24T10:57:43","modified_gmt":"2026-02-24T09:57:43","slug":"kranz-mit-kerzen","status":"publish","type":"product","link":"https:\/\/christelkrukkert.nl\/de\/produkt\/kranz-mit-kerzen\/","title":{"rendered":"Kranz mit Kerzen"},"content":{"rendered":"","protected":false},"excerpt":{"rendered":"<p>Der Kranz hat einen Durchmesser von ca. 19 cm und eine Gesamth\u00f6he von ca. 15 cm. Er wurde mit einer H\u00e4kelnadel Nr. 2,5 geh\u00e4kelt.<\/p>\n<p>Anleitung auf Deutsch<\/p>\n<p>&nbsp;<\/p>\n","protected":false},"featured_media":116352,"comment_status":"open","ping_status":"closed","template":"","meta":[],"product_brand":[],"product_cat":[475,473],"product_tag":[],"class_list":{"0":"post-116350","1":"product","2":"type-product","3":"status-publish","4":"has-post-thumbnail","6":"product_cat-muster","7":"product_cat-ostern","9":"first","10":"instock","11":"downloadable","12":"virtual","13":"taxable","14":"purchasable","15":"product-type-simple"},"_links":{"self":[{"href":"https:\/\/christelkrukkert.nl\/de\/wp-json\/wp\/v2\/product\/116350","targetHints":{"allow":["GET"]}}],"collection":[{"href":"https:\/\/christelkrukkert.nl\/de\/wp-json\/wp\/v2\/product"}],"about":[{"href":"https:\/\/christelkrukkert.nl\/de\/wp-json\/wp\/v2\/types\/product"}],"replies":[{"embeddable":true,"href":"https:\/\/christelkrukkert.nl\/de\/wp-json\/wp\/v2\/comments?post=116350"}],"wp:featuredmedia":[{"embeddable":true,"href":"https:\/\/christelkrukkert.nl\/de\/wp-json\/wp\/v2\/media\/116352"}],"wp:attachment":[{"href":"https:\/\/christelkrukkert.nl\/de\/wp-json\/wp\/v2\/media?parent=116350"}],"wp:term":[{"taxonomy":"product_brand","embeddable":true,"href":"https:\/\/christelkrukkert.nl\/de\/wp-json\/wp\/v2\/product_brand?post=116350"},{"taxonomy":"product_cat","embeddable":true,"href":"https:\/\/christelkrukkert.nl\/de\/wp-json\/wp\/v2\/product_cat?post=116350"},{"taxonomy":"product_tag","embeddable":true,"href":"https:\/\/christelkrukkert.nl\/de\/wp-json\/wp\/v2\/product_tag?post=116350"}],"curies":[{"name":"wp","href":"https:\/\/api.w.org\/{rel}","templated":true}]}}