{"id":116380,"date":"2017-01-25T10:49:57","date_gmt":"2017-01-25T10:49:57","guid":{"rendered":"https:\/\/christelkrukkert.nl\/product\/osterhasen-eierbecher\/"},"modified":"2026-02-24T10:55:49","modified_gmt":"2026-02-24T09:55:49","slug":"osterhasen-eierbecher","status":"publish","type":"product","link":"https:\/\/christelkrukkert.nl\/de\/produkt\/osterhasen-eierbecher\/","title":{"rendered":"Osterhasen-Eierbecher"},"content":{"rendered":"","protected":false},"excerpt":{"rendered":"<p>Ostern ohne Ei? Unvorstellbar! Ein Eierbecher geh\u00f6rt einfach zu jedem Osterfr\u00fchst\u00fcck dazu. Lust auf ein paar mehr? Variieren Sie die Farben von Eierk\u00f6rper und Becher. So wird das Fr\u00fchst\u00fcck garantiert zu einem fr\u00f6hlichen Erlebnis.<\/p>\n<p>Gesamth\u00f6he ca. 10 cm, geh\u00e4kelt mit H\u00e4kelnadel Nr. 2,5<\/p>\n<p>Anleitung auf Deutsch<\/p>\n","protected":false},"featured_media":116382,"comment_status":"open","ping_status":"closed","template":"","meta":[],"product_brand":[],"product_cat":[475,473],"product_tag":[],"class_list":{"0":"post-116380","1":"product","2":"type-product","3":"status-publish","4":"has-post-thumbnail","6":"product_cat-muster","7":"product_cat-ostern","9":"first","10":"instock","11":"downloadable","12":"virtual","13":"taxable","14":"purchasable","15":"product-type-simple"},"_links":{"self":[{"href":"https:\/\/christelkrukkert.nl\/de\/wp-json\/wp\/v2\/product\/116380","targetHints":{"allow":["GET"]}}],"collection":[{"href":"https:\/\/christelkrukkert.nl\/de\/wp-json\/wp\/v2\/product"}],"about":[{"href":"https:\/\/christelkrukkert.nl\/de\/wp-json\/wp\/v2\/types\/product"}],"replies":[{"embeddable":true,"href":"https:\/\/christelkrukkert.nl\/de\/wp-json\/wp\/v2\/comments?post=116380"}],"wp:featuredmedia":[{"embeddable":true,"href":"https:\/\/christelkrukkert.nl\/de\/wp-json\/wp\/v2\/media\/116382"}],"wp:attachment":[{"href":"https:\/\/christelkrukkert.nl\/de\/wp-json\/wp\/v2\/media?parent=116380"}],"wp:term":[{"taxonomy":"product_brand","embeddable":true,"href":"https:\/\/christelkrukkert.nl\/de\/wp-json\/wp\/v2\/product_brand?post=116380"},{"taxonomy":"product_cat","embeddable":true,"href":"https:\/\/christelkrukkert.nl\/de\/wp-json\/wp\/v2\/product_cat?post=116380"},{"taxonomy":"product_tag","embeddable":true,"href":"https:\/\/christelkrukkert.nl\/de\/wp-json\/wp\/v2\/product_tag?post=116380"}],"curies":[{"name":"wp","href":"https:\/\/api.w.org\/{rel}","templated":true}]}}