{"id":116431,"date":"2017-02-15T08:58:27","date_gmt":"2017-02-15T08:58:27","guid":{"rendered":"https:\/\/christelkrukkert.nl\/product\/kaatje-mit-korb\/"},"modified":"2026-02-24T10:44:12","modified_gmt":"2026-02-24T09:44:12","slug":"kaatje-mit-korb","status":"publish","type":"product","link":"https:\/\/christelkrukkert.nl\/de\/produkt\/kaatje-mit-korb\/","title":{"rendered":"Kaatje mit Korb"},"content":{"rendered":"","protected":false},"excerpt":{"rendered":"<p>Gibt es einen besseren Aufbewahrungsort f\u00fcr Ihre Schokoladeneier als einen geh\u00e4kelten Korb? Und Huhn Kaatje tr\u00e4gt den Korb gerne f\u00fcr Sie.<\/p>\n<p>H\u00f6he ca. 14 cm, Durchmesser Korb ca. 9 cm, geh\u00e4kelt mit H\u00e4kelnadel Nr. 2,5<\/p>\n<p>Anleitung auf Deutsch<\/p>\n","protected":false},"featured_media":116433,"comment_status":"open","ping_status":"closed","template":"","meta":[],"product_brand":[],"product_cat":[473],"product_tag":[],"class_list":{"0":"post-116431","1":"product","2":"type-product","3":"status-publish","4":"has-post-thumbnail","6":"product_cat-ostern","8":"first","9":"instock","10":"downloadable","11":"virtual","12":"taxable","13":"purchasable","14":"product-type-simple"},"_links":{"self":[{"href":"https:\/\/christelkrukkert.nl\/de\/wp-json\/wp\/v2\/product\/116431","targetHints":{"allow":["GET"]}}],"collection":[{"href":"https:\/\/christelkrukkert.nl\/de\/wp-json\/wp\/v2\/product"}],"about":[{"href":"https:\/\/christelkrukkert.nl\/de\/wp-json\/wp\/v2\/types\/product"}],"replies":[{"embeddable":true,"href":"https:\/\/christelkrukkert.nl\/de\/wp-json\/wp\/v2\/comments?post=116431"}],"wp:featuredmedia":[{"embeddable":true,"href":"https:\/\/christelkrukkert.nl\/de\/wp-json\/wp\/v2\/media\/116433"}],"wp:attachment":[{"href":"https:\/\/christelkrukkert.nl\/de\/wp-json\/wp\/v2\/media?parent=116431"}],"wp:term":[{"taxonomy":"product_brand","embeddable":true,"href":"https:\/\/christelkrukkert.nl\/de\/wp-json\/wp\/v2\/product_brand?post=116431"},{"taxonomy":"product_cat","embeddable":true,"href":"https:\/\/christelkrukkert.nl\/de\/wp-json\/wp\/v2\/product_cat?post=116431"},{"taxonomy":"product_tag","embeddable":true,"href":"https:\/\/christelkrukkert.nl\/de\/wp-json\/wp\/v2\/product_tag?post=116431"}],"curies":[{"name":"wp","href":"https:\/\/api.w.org\/{rel}","templated":true}]}}