{"id":116441,"date":"2017-05-30T12:03:49","date_gmt":"2017-05-30T12:03:49","guid":{"rendered":"https:\/\/christelkrukkert.nl\/product\/kuechenmoebel\/"},"modified":"2026-02-24T10:22:28","modified_gmt":"2026-02-24T09:22:28","slug":"kuechenmoebel","status":"publish","type":"product","link":"https:\/\/christelkrukkert.nl\/de\/produkt\/kuechenmoebel\/","title":{"rendered":"K\u00fcchenm\u00f6bel"},"content":{"rendered":"","protected":false},"excerpt":{"rendered":"<p>Dieses Set enth\u00e4lt Vorlagen f\u00fcr den Herd mit T\u00f6pfen und Pfannen, den Tisch mit St\u00fchlen, das Sideboard mit Geschirr und die K\u00fcchenzeile mit Schneidebrett und Brot. Die Gr\u00f6\u00dfe ist ideal f\u00fcr eine <a href=\"https:\/\/christelkrukkert.nl\/de\/produkt\/gnome\/\">Gnome-Familie.<\/a><\/p>\n<p>Der Schrank ist etwa 16 cm hoch und wurde mit einer H\u00e4kelnadel Nr. 2,5 geh\u00e4kelt.<\/p>\n","protected":false},"featured_media":116446,"comment_status":"open","ping_status":"closed","template":"","meta":[],"product_brand":[],"product_cat":[800],"product_tag":[],"class_list":{"0":"post-116441","1":"product","2":"type-product","3":"status-publish","4":"has-post-thumbnail","6":"product_cat-gnome","8":"first","9":"instock","10":"downloadable","11":"virtual","12":"taxable","13":"purchasable","14":"product-type-simple"},"_links":{"self":[{"href":"https:\/\/christelkrukkert.nl\/de\/wp-json\/wp\/v2\/product\/116441","targetHints":{"allow":["GET"]}}],"collection":[{"href":"https:\/\/christelkrukkert.nl\/de\/wp-json\/wp\/v2\/product"}],"about":[{"href":"https:\/\/christelkrukkert.nl\/de\/wp-json\/wp\/v2\/types\/product"}],"replies":[{"embeddable":true,"href":"https:\/\/christelkrukkert.nl\/de\/wp-json\/wp\/v2\/comments?post=116441"}],"wp:featuredmedia":[{"embeddable":true,"href":"https:\/\/christelkrukkert.nl\/de\/wp-json\/wp\/v2\/media\/116446"}],"wp:attachment":[{"href":"https:\/\/christelkrukkert.nl\/de\/wp-json\/wp\/v2\/media?parent=116441"}],"wp:term":[{"taxonomy":"product_brand","embeddable":true,"href":"https:\/\/christelkrukkert.nl\/de\/wp-json\/wp\/v2\/product_brand?post=116441"},{"taxonomy":"product_cat","embeddable":true,"href":"https:\/\/christelkrukkert.nl\/de\/wp-json\/wp\/v2\/product_cat?post=116441"},{"taxonomy":"product_tag","embeddable":true,"href":"https:\/\/christelkrukkert.nl\/de\/wp-json\/wp\/v2\/product_tag?post=116441"}],"curies":[{"name":"wp","href":"https:\/\/api.w.org\/{rel}","templated":true}]}}