{"id":116450,"date":"2017-05-30T10:40:17","date_gmt":"2017-05-30T10:40:17","guid":{"rendered":"https:\/\/christelkrukkert.nl\/product\/gnome\/"},"modified":"2026-02-24T10:25:15","modified_gmt":"2026-02-24T09:25:15","slug":"gnome","status":"publish","type":"product","link":"https:\/\/christelkrukkert.nl\/de\/produkt\/gnome\/","title":{"rendered":"Gnome"},"content":{"rendered":"","protected":false},"excerpt":{"rendered":"<p>H\u00e4keln Sie Ihre eigene Gnome-familie: Papa, Mama, Opa, Oma, zwei Kinder und ein Baby.<\/p>\n<p>Die erwachsenen Gnome sind etwa 20 cm hoch (einschlie\u00dflich Hut), geh\u00e4kelt mit H\u00e4kelnadel Nr. 2,5<\/p>\n<p>Anleitung auf Deutsch<\/p>\n","protected":false},"featured_media":116452,"comment_status":"open","ping_status":"closed","template":"","meta":[],"product_brand":[],"product_cat":[800],"product_tag":[],"class_list":{"0":"post-116450","1":"product","2":"type-product","3":"status-publish","4":"has-post-thumbnail","6":"product_cat-gnome","8":"first","9":"instock","10":"downloadable","11":"virtual","12":"taxable","13":"purchasable","14":"product-type-simple"},"_links":{"self":[{"href":"https:\/\/christelkrukkert.nl\/de\/wp-json\/wp\/v2\/product\/116450","targetHints":{"allow":["GET"]}}],"collection":[{"href":"https:\/\/christelkrukkert.nl\/de\/wp-json\/wp\/v2\/product"}],"about":[{"href":"https:\/\/christelkrukkert.nl\/de\/wp-json\/wp\/v2\/types\/product"}],"replies":[{"embeddable":true,"href":"https:\/\/christelkrukkert.nl\/de\/wp-json\/wp\/v2\/comments?post=116450"}],"wp:featuredmedia":[{"embeddable":true,"href":"https:\/\/christelkrukkert.nl\/de\/wp-json\/wp\/v2\/media\/116452"}],"wp:attachment":[{"href":"https:\/\/christelkrukkert.nl\/de\/wp-json\/wp\/v2\/media?parent=116450"}],"wp:term":[{"taxonomy":"product_brand","embeddable":true,"href":"https:\/\/christelkrukkert.nl\/de\/wp-json\/wp\/v2\/product_brand?post=116450"},{"taxonomy":"product_cat","embeddable":true,"href":"https:\/\/christelkrukkert.nl\/de\/wp-json\/wp\/v2\/product_cat?post=116450"},{"taxonomy":"product_tag","embeddable":true,"href":"https:\/\/christelkrukkert.nl\/de\/wp-json\/wp\/v2\/product_tag?post=116450"}],"curies":[{"name":"wp","href":"https:\/\/api.w.org\/{rel}","templated":true}]}}