{"id":116461,"date":"2017-06-21T10:37:49","date_gmt":"2017-06-21T10:37:49","guid":{"rendered":"https:\/\/christelkrukkert.nl\/product\/schlafzimmermoebel\/"},"modified":"2026-02-24T10:15:06","modified_gmt":"2026-02-24T09:15:06","slug":"schlafzimmermoebel","status":"publish","type":"product","link":"https:\/\/christelkrukkert.nl\/de\/produkt\/schlafzimmermoebel\/","title":{"rendered":"Schlafzimmerm\u00f6bel"},"content":{"rendered":"","protected":false},"excerpt":{"rendered":"<p>Dieses Set enth\u00e4lt Schnittmuster f\u00fcr gro\u00dfe Kinderbetten mit Nachttischen, ein Kleinkinderbett mit Nachttisch, eine Wiege, Matratzen, Kissen, Decken, ein Nachtlicht, eine Puppe und einen B\u00e4ren. Die Gr\u00f6\u00dfe orientiert sich an der Gr\u00f6\u00dfe der <a href=\"https:\/\/christelkrukkert.nl\/de\/produkt\/gnome\/\">Gnome-Familie<\/a> .<\/p>\n<p>Das gro\u00dfe Kinderbett ist ungef\u00e4hr 18 cm lang und das kleine Kinderbett ungef\u00e4hr 12 cm lang, geh\u00e4kelt mit einer 2,5 mm H\u00e4kelnadel.<\/p>\n<p>Anleitung auf Deutsch<\/p>\n","protected":false},"featured_media":116466,"comment_status":"open","ping_status":"closed","template":"","meta":[],"product_brand":[],"product_cat":[800],"product_tag":[],"class_list":{"0":"post-116461","1":"product","2":"type-product","3":"status-publish","4":"has-post-thumbnail","6":"product_cat-gnome","8":"first","9":"instock","10":"downloadable","11":"virtual","12":"taxable","13":"purchasable","14":"product-type-simple"},"_links":{"self":[{"href":"https:\/\/christelkrukkert.nl\/de\/wp-json\/wp\/v2\/product\/116461","targetHints":{"allow":["GET"]}}],"collection":[{"href":"https:\/\/christelkrukkert.nl\/de\/wp-json\/wp\/v2\/product"}],"about":[{"href":"https:\/\/christelkrukkert.nl\/de\/wp-json\/wp\/v2\/types\/product"}],"replies":[{"embeddable":true,"href":"https:\/\/christelkrukkert.nl\/de\/wp-json\/wp\/v2\/comments?post=116461"}],"wp:featuredmedia":[{"embeddable":true,"href":"https:\/\/christelkrukkert.nl\/de\/wp-json\/wp\/v2\/media\/116466"}],"wp:attachment":[{"href":"https:\/\/christelkrukkert.nl\/de\/wp-json\/wp\/v2\/media?parent=116461"}],"wp:term":[{"taxonomy":"product_brand","embeddable":true,"href":"https:\/\/christelkrukkert.nl\/de\/wp-json\/wp\/v2\/product_brand?post=116461"},{"taxonomy":"product_cat","embeddable":true,"href":"https:\/\/christelkrukkert.nl\/de\/wp-json\/wp\/v2\/product_cat?post=116461"},{"taxonomy":"product_tag","embeddable":true,"href":"https:\/\/christelkrukkert.nl\/de\/wp-json\/wp\/v2\/product_tag?post=116461"}],"curies":[{"name":"wp","href":"https:\/\/api.w.org\/{rel}","templated":true}]}}