{"id":116487,"date":"2017-06-30T10:19:17","date_gmt":"2017-06-30T10:19:17","guid":{"rendered":"https:\/\/christelkrukkert.nl\/product\/badezimmermoebel\/"},"modified":"2026-02-24T10:12:44","modified_gmt":"2026-02-24T09:12:44","slug":"badezimmermoebel","status":"publish","type":"product","link":"https:\/\/christelkrukkert.nl\/de\/produkt\/badezimmermoebel\/","title":{"rendered":"Badezimmerm\u00f6bel"},"content":{"rendered":"","protected":false},"excerpt":{"rendered":"<p>Dieses Set enth\u00e4lt Schnittmuster f\u00fcr Bad, Waschtisch, Toilette und alle Accessoires. Die Gr\u00f6\u00dfe orientiert sich an der Gr\u00f6\u00dfe der <a href=\"https:\/\/christelkrukkert.nl\/de\/produkt\/gnome\/\">Gnome-Familie.<\/a><\/p>\n<p>Das Waschbeckenm\u00f6bel ist etwa 16 cm hoch geh\u00e4kelt mit H\u00e4kelnadel Nr. 2,5<\/p>\n<p>Anleitung auf Deutsch<\/p>\n","protected":false},"featured_media":116492,"comment_status":"open","ping_status":"closed","template":"","meta":[],"product_brand":[],"product_cat":[800],"product_tag":[],"class_list":{"0":"post-116487","1":"product","2":"type-product","3":"status-publish","4":"has-post-thumbnail","6":"product_cat-gnome","8":"first","9":"instock","10":"downloadable","11":"virtual","12":"taxable","13":"purchasable","14":"product-type-simple"},"_links":{"self":[{"href":"https:\/\/christelkrukkert.nl\/de\/wp-json\/wp\/v2\/product\/116487","targetHints":{"allow":["GET"]}}],"collection":[{"href":"https:\/\/christelkrukkert.nl\/de\/wp-json\/wp\/v2\/product"}],"about":[{"href":"https:\/\/christelkrukkert.nl\/de\/wp-json\/wp\/v2\/types\/product"}],"replies":[{"embeddable":true,"href":"https:\/\/christelkrukkert.nl\/de\/wp-json\/wp\/v2\/comments?post=116487"}],"wp:featuredmedia":[{"embeddable":true,"href":"https:\/\/christelkrukkert.nl\/de\/wp-json\/wp\/v2\/media\/116492"}],"wp:attachment":[{"href":"https:\/\/christelkrukkert.nl\/de\/wp-json\/wp\/v2\/media?parent=116487"}],"wp:term":[{"taxonomy":"product_brand","embeddable":true,"href":"https:\/\/christelkrukkert.nl\/de\/wp-json\/wp\/v2\/product_brand?post=116487"},{"taxonomy":"product_cat","embeddable":true,"href":"https:\/\/christelkrukkert.nl\/de\/wp-json\/wp\/v2\/product_cat?post=116487"},{"taxonomy":"product_tag","embeddable":true,"href":"https:\/\/christelkrukkert.nl\/de\/wp-json\/wp\/v2\/product_tag?post=116487"}],"curies":[{"name":"wp","href":"https:\/\/api.w.org\/{rel}","templated":true}]}}