{"id":116524,"date":"2017-07-21T12:28:21","date_gmt":"2017-07-21T12:28:21","guid":{"rendered":"https:\/\/christelkrukkert.nl\/product\/gestapelter-hase\/"},"modified":"2026-02-24T10:39:08","modified_gmt":"2026-02-24T09:39:08","slug":"gestapelter-hase","status":"publish","type":"product","link":"https:\/\/christelkrukkert.nl\/de\/produkt\/gestapelter-hase\/","title":{"rendered":"Stapelspielzeug Hase"},"content":{"rendered":"<p>Der stapelbare Hase ist etwa 24 cm hoch und wurde mit einer H\u00e4kelnadel der St\u00e4rke 2,5 geh\u00e4kelt.<\/p>\n","protected":false},"excerpt":{"rendered":"<p>Der stapelbare Hase ist etwa 24 cm hoch, geh\u00e4kelt mit H\u00e4kelnadel Nr. 2,5<\/p>\n<p>Anleitung auf Deutsch<\/p>\n","protected":false},"featured_media":116526,"comment_status":"open","ping_status":"closed","template":"","meta":[],"product_brand":[],"product_cat":[512,524],"product_tag":[],"class_list":{"0":"post-116524","1":"product","2":"type-product","3":"status-publish","4":"has-post-thumbnail","6":"product_cat-spielzeug","7":"product_cat-stapelturme-tiere","9":"first","10":"instock","11":"downloadable","12":"virtual","13":"taxable","14":"purchasable","15":"product-type-simple"},"_links":{"self":[{"href":"https:\/\/christelkrukkert.nl\/de\/wp-json\/wp\/v2\/product\/116524","targetHints":{"allow":["GET"]}}],"collection":[{"href":"https:\/\/christelkrukkert.nl\/de\/wp-json\/wp\/v2\/product"}],"about":[{"href":"https:\/\/christelkrukkert.nl\/de\/wp-json\/wp\/v2\/types\/product"}],"replies":[{"embeddable":true,"href":"https:\/\/christelkrukkert.nl\/de\/wp-json\/wp\/v2\/comments?post=116524"}],"wp:featuredmedia":[{"embeddable":true,"href":"https:\/\/christelkrukkert.nl\/de\/wp-json\/wp\/v2\/media\/116526"}],"wp:attachment":[{"href":"https:\/\/christelkrukkert.nl\/de\/wp-json\/wp\/v2\/media?parent=116524"}],"wp:term":[{"taxonomy":"product_brand","embeddable":true,"href":"https:\/\/christelkrukkert.nl\/de\/wp-json\/wp\/v2\/product_brand?post=116524"},{"taxonomy":"product_cat","embeddable":true,"href":"https:\/\/christelkrukkert.nl\/de\/wp-json\/wp\/v2\/product_cat?post=116524"},{"taxonomy":"product_tag","embeddable":true,"href":"https:\/\/christelkrukkert.nl\/de\/wp-json\/wp\/v2\/product_tag?post=116524"}],"curies":[{"name":"wp","href":"https:\/\/api.w.org\/{rel}","templated":true}]}}