{"id":116550,"date":"2017-11-30T12:43:04","date_gmt":"2017-11-30T12:43:04","guid":{"rendered":"https:\/\/christelkrukkert.nl\/product\/haushaltsset\/"},"modified":"2026-02-24T10:09:46","modified_gmt":"2026-02-24T09:09:46","slug":"haushaltsset","status":"publish","type":"product","link":"https:\/\/christelkrukkert.nl\/de\/produkt\/haushaltsset\/","title":{"rendered":"Haushaltsset"},"content":{"rendered":"","protected":false},"excerpt":{"rendered":"<p>Dieses Set enth\u00e4lt Schnittmuster f\u00fcr B\u00fcgelbrett und B\u00fcgeleisen, Staubsauger, Waschmaschine mit W\u00e4schekorb, Waschmittel und Weichsp\u00fcler sowie Eimer mit Wischmopp, Reinigungsmittel und Lappen. Das Schnittmuster f\u00fcr die Gnome ist nicht enthalten. <a href=\"https:\/\/christelkrukkert.nl\/de\/produkt\/gnome\/\">Weitere Informationen finden Sie unter \u201eGnome\u201c<\/a><\/p>\n<p>Die Waschmaschine wird etwa 6,5 \u200b\u200bcm hoch geh\u00e4kelt mit H\u00e4kelnadel Nr. 2,5<\/p>\n<p>Anleitung auf Deutsch<\/p>\n","protected":false},"featured_media":116551,"comment_status":"open","ping_status":"closed","template":"","meta":[],"product_brand":[],"product_cat":[800],"product_tag":[],"class_list":{"0":"post-116550","1":"product","2":"type-product","3":"status-publish","4":"has-post-thumbnail","6":"product_cat-gnome","8":"first","9":"instock","10":"downloadable","11":"virtual","12":"taxable","13":"purchasable","14":"product-type-simple"},"_links":{"self":[{"href":"https:\/\/christelkrukkert.nl\/de\/wp-json\/wp\/v2\/product\/116550","targetHints":{"allow":["GET"]}}],"collection":[{"href":"https:\/\/christelkrukkert.nl\/de\/wp-json\/wp\/v2\/product"}],"about":[{"href":"https:\/\/christelkrukkert.nl\/de\/wp-json\/wp\/v2\/types\/product"}],"replies":[{"embeddable":true,"href":"https:\/\/christelkrukkert.nl\/de\/wp-json\/wp\/v2\/comments?post=116550"}],"wp:featuredmedia":[{"embeddable":true,"href":"https:\/\/christelkrukkert.nl\/de\/wp-json\/wp\/v2\/media\/116551"}],"wp:attachment":[{"href":"https:\/\/christelkrukkert.nl\/de\/wp-json\/wp\/v2\/media?parent=116550"}],"wp:term":[{"taxonomy":"product_brand","embeddable":true,"href":"https:\/\/christelkrukkert.nl\/de\/wp-json\/wp\/v2\/product_brand?post=116550"},{"taxonomy":"product_cat","embeddable":true,"href":"https:\/\/christelkrukkert.nl\/de\/wp-json\/wp\/v2\/product_cat?post=116550"},{"taxonomy":"product_tag","embeddable":true,"href":"https:\/\/christelkrukkert.nl\/de\/wp-json\/wp\/v2\/product_tag?post=116550"}],"curies":[{"name":"wp","href":"https:\/\/api.w.org\/{rel}","templated":true}]}}