{"id":116644,"date":"2018-03-22T10:57:10","date_gmt":"2018-03-22T10:57:10","guid":{"rendered":"https:\/\/christelkrukkert.nl\/product\/kimmi\/"},"modified":"2026-02-24T09:37:26","modified_gmt":"2026-02-24T08:37:26","slug":"kimmi","status":"publish","type":"product","link":"https:\/\/christelkrukkert.nl\/de\/produkt\/kimmi\/","title":{"rendered":"Kimmi der Frosch"},"content":{"rendered":"","protected":false},"excerpt":{"rendered":"<p>Kimmi ist etwa 29 cm gro\u00df (sitzend ca. 19 cm) und wurden mit einer 2,5-mm-H\u00e4kelnadel geh\u00e4kelt.<\/p>\n","protected":false},"featured_media":116645,"comment_status":"open","ping_status":"closed","template":"","meta":[],"product_brand":[],"product_cat":[606],"product_tag":[],"class_list":{"0":"post-116644","1":"product","2":"type-product","3":"status-publish","4":"has-post-thumbnail","6":"product_cat-kuscheltiere-mit-kleidung","8":"first","9":"instock","10":"downloadable","11":"virtual","12":"taxable","13":"purchasable","14":"product-type-simple"},"_links":{"self":[{"href":"https:\/\/christelkrukkert.nl\/de\/wp-json\/wp\/v2\/product\/116644","targetHints":{"allow":["GET"]}}],"collection":[{"href":"https:\/\/christelkrukkert.nl\/de\/wp-json\/wp\/v2\/product"}],"about":[{"href":"https:\/\/christelkrukkert.nl\/de\/wp-json\/wp\/v2\/types\/product"}],"replies":[{"embeddable":true,"href":"https:\/\/christelkrukkert.nl\/de\/wp-json\/wp\/v2\/comments?post=116644"}],"wp:featuredmedia":[{"embeddable":true,"href":"https:\/\/christelkrukkert.nl\/de\/wp-json\/wp\/v2\/media\/116645"}],"wp:attachment":[{"href":"https:\/\/christelkrukkert.nl\/de\/wp-json\/wp\/v2\/media?parent=116644"}],"wp:term":[{"taxonomy":"product_brand","embeddable":true,"href":"https:\/\/christelkrukkert.nl\/de\/wp-json\/wp\/v2\/product_brand?post=116644"},{"taxonomy":"product_cat","embeddable":true,"href":"https:\/\/christelkrukkert.nl\/de\/wp-json\/wp\/v2\/product_cat?post=116644"},{"taxonomy":"product_tag","embeddable":true,"href":"https:\/\/christelkrukkert.nl\/de\/wp-json\/wp\/v2\/product_tag?post=116644"}],"curies":[{"name":"wp","href":"https:\/\/api.w.org\/{rel}","templated":true}]}}