{"id":116697,"date":"2018-11-02T12:46:35","date_gmt":"2018-11-02T12:46:35","guid":{"rendered":"https:\/\/christelkrukkert.nl\/product\/weihnachtsengel\/"},"modified":"2026-02-24T09:20:35","modified_gmt":"2026-02-24T08:20:35","slug":"weihnachtsengel","status":"publish","type":"product","link":"https:\/\/christelkrukkert.nl\/de\/produkt\/weihnachtsengel\/","title":{"rendered":"Weihnachtsengel"},"content":{"rendered":"","protected":false},"excerpt":{"rendered":"<p>Anleitung auf Deutsch<\/p>\n<p>H\u00f6he ca. 9 cm, geh\u00e4kelt mit H\u00e4kelnadel Nr. 2,5<\/p>\n","protected":false},"featured_media":116699,"comment_status":"open","ping_status":"closed","template":"","meta":[],"product_brand":[],"product_cat":[475,499],"product_tag":[484,736,500],"class_list":{"0":"post-116697","1":"product","2":"type-product","3":"status-publish","4":"has-post-thumbnail","6":"product_cat-muster","7":"product_cat-weihnachten-2","8":"product_tag-dezember","9":"product_tag-kleiner-engel","10":"product_tag-weihnachten","12":"first","13":"instock","14":"downloadable","15":"virtual","16":"taxable","17":"purchasable","18":"product-type-simple"},"_links":{"self":[{"href":"https:\/\/christelkrukkert.nl\/de\/wp-json\/wp\/v2\/product\/116697","targetHints":{"allow":["GET"]}}],"collection":[{"href":"https:\/\/christelkrukkert.nl\/de\/wp-json\/wp\/v2\/product"}],"about":[{"href":"https:\/\/christelkrukkert.nl\/de\/wp-json\/wp\/v2\/types\/product"}],"replies":[{"embeddable":true,"href":"https:\/\/christelkrukkert.nl\/de\/wp-json\/wp\/v2\/comments?post=116697"}],"wp:featuredmedia":[{"embeddable":true,"href":"https:\/\/christelkrukkert.nl\/de\/wp-json\/wp\/v2\/media\/116699"}],"wp:attachment":[{"href":"https:\/\/christelkrukkert.nl\/de\/wp-json\/wp\/v2\/media?parent=116697"}],"wp:term":[{"taxonomy":"product_brand","embeddable":true,"href":"https:\/\/christelkrukkert.nl\/de\/wp-json\/wp\/v2\/product_brand?post=116697"},{"taxonomy":"product_cat","embeddable":true,"href":"https:\/\/christelkrukkert.nl\/de\/wp-json\/wp\/v2\/product_cat?post=116697"},{"taxonomy":"product_tag","embeddable":true,"href":"https:\/\/christelkrukkert.nl\/de\/wp-json\/wp\/v2\/product_tag?post=116697"}],"curies":[{"name":"wp","href":"https:\/\/api.w.org\/{rel}","templated":true}]}}