{"id":116707,"date":"2018-06-27T09:01:05","date_gmt":"2018-06-27T09:01:05","guid":{"rendered":"https:\/\/christelkrukkert.nl\/product\/bobby\/"},"modified":"2026-02-24T09:30:04","modified_gmt":"2026-02-24T08:30:04","slug":"bobby","status":"publish","type":"product","link":"https:\/\/christelkrukkert.nl\/de\/produkt\/bobby\/","title":{"rendered":"Bobby Biber"},"content":{"rendered":"","protected":false},"excerpt":{"rendered":"<p>Anleitung auf Deutsch<\/p>\n<p>Bobby ist etwa 29 cm gro\u00df (sitzend ca. 19 cm) und wurde mit einer 2,5-mm-H\u00e4kelnadel geh\u00e4kelt.<\/p>\n","protected":false},"featured_media":116711,"comment_status":"open","ping_status":"closed","template":"","meta":[],"product_brand":[],"product_cat":[606],"product_tag":[],"class_list":{"0":"post-116707","1":"product","2":"type-product","3":"status-publish","4":"has-post-thumbnail","6":"product_cat-kuscheltiere-mit-kleidung","8":"first","9":"instock","10":"downloadable","11":"virtual","12":"taxable","13":"purchasable","14":"product-type-simple"},"_links":{"self":[{"href":"https:\/\/christelkrukkert.nl\/de\/wp-json\/wp\/v2\/product\/116707","targetHints":{"allow":["GET"]}}],"collection":[{"href":"https:\/\/christelkrukkert.nl\/de\/wp-json\/wp\/v2\/product"}],"about":[{"href":"https:\/\/christelkrukkert.nl\/de\/wp-json\/wp\/v2\/types\/product"}],"replies":[{"embeddable":true,"href":"https:\/\/christelkrukkert.nl\/de\/wp-json\/wp\/v2\/comments?post=116707"}],"wp:featuredmedia":[{"embeddable":true,"href":"https:\/\/christelkrukkert.nl\/de\/wp-json\/wp\/v2\/media\/116711"}],"wp:attachment":[{"href":"https:\/\/christelkrukkert.nl\/de\/wp-json\/wp\/v2\/media?parent=116707"}],"wp:term":[{"taxonomy":"product_brand","embeddable":true,"href":"https:\/\/christelkrukkert.nl\/de\/wp-json\/wp\/v2\/product_brand?post=116707"},{"taxonomy":"product_cat","embeddable":true,"href":"https:\/\/christelkrukkert.nl\/de\/wp-json\/wp\/v2\/product_cat?post=116707"},{"taxonomy":"product_tag","embeddable":true,"href":"https:\/\/christelkrukkert.nl\/de\/wp-json\/wp\/v2\/product_tag?post=116707"}],"curies":[{"name":"wp","href":"https:\/\/api.w.org\/{rel}","templated":true}]}}